{"id":9,"date":"2019-01-11T09:49:44","date_gmt":"2019-01-11T09:49:44","guid":{"rendered":"http:\/\/chrismassage.ch\/?page_id=9"},"modified":"2025-04-05T15:23:00","modified_gmt":"2025-04-05T15:23:00","slug":"accueil","status":"publish","type":"page","link":"https:\/\/chrismassage.ch\/","title":{"rendered":"Accueil"},"content":{"rendered":"<p><strong><img loading=\"lazy\" decoding=\"async\" class=\"size-medium wp-image-253 alignleft\" src=\"http:\/\/chrismassage.ch\/wp-content\/uploads\/2019\/11\/IMG_3655-225x300.jpg\" alt=\"\" width=\"225\" height=\"300\" srcset=\"https:\/\/chrismassage.ch\/wp-content\/uploads\/2019\/11\/IMG_3655-225x300.jpg 225w, https:\/\/chrismassage.ch\/wp-content\/uploads\/2019\/11\/IMG_3655.jpg 600w\" sizes=\"auto, (max-width: 225px) 100vw, 225px\" \/><span style=\"color: #339966;\">Bonjour<\/span><\/strong><br \/>\nJe m\u2019appelle Christophe Agu\u00e9,<br \/>\nJe suis mari\u00e9 et papa de 2 enfants<\/p>\n<p>Passionn\u00e9 par le bien-\u00eatre, je vous propose diverses techniques de\u00a0 massages:<br \/>\nMassage relaxant aux huiles essentielles, massage \u00e0 la bougie<br \/>\nMassage aux pierres chaudes, Massage Balinais<br \/>\nMassage Lomi-Lomi<br \/>\nMassage anticellulite manuel, massage pour enfant.<br \/>\nPose de ventouses chinoises.<\/p>\n<p>Les massages sont pratiqu\u00e9s dans une pi\u00e8ce \u00e0 la lumi\u00e8re tamis\u00e9e, avec une douce musique qui vous permettra de vous relaxer et de vous plonger dans un moment de bien-\u00eatre absolu.<\/p>\n<p>Je continue \u00a0\u00e0 suivre \u00a0diff\u00e9rentes formations, afin d&rsquo;apporter du renouveau dans le domaine du bien-\u00eatre.<\/p>\n<p>Il et possible d&rsquo;offrir des bons cadeaux, vous pouvez me contacter via mon formulaire de <a href=\"http:\/\/chrismassage.ch\/index.php\/contact\/\">contact<\/a><\/p>\n","protected":false},"excerpt":{"rendered":"<p>Bonjour Je m\u2019appelle Christophe Agu\u00e9, Je suis mari\u00e9 et papa de 2 enfants Passionn\u00e9 par le bien-\u00eatre, je vous propose diverses techniques de\u00a0 massages: Massage relaxant aux huiles essentielles, massage \u00e0 la bougie Massage aux pierres chaudes, Massage Balinais Massage Lomi-Lomi Massage anticellulite manuel, massage pour enfant. Pose de ventouses chinoises. Les massages sont pratiqu\u00e9s &hellip; <\/p>\n<p><a class=\"more-link btn\" href=\"https:\/\/chrismassage.ch\/\">Lire la suite<\/a><\/p>\n","protected":false},"author":1,"featured_media":0,"parent":0,"menu_order":0,"comment_status":"closed","ping_status":"closed","template":"","meta":{"footnotes":""},"class_list":["post-9","page","type-page","status-publish","hentry","nodate","item-wrap"],"yoast_head":"<!-- This site is optimized with the Yoast SEO plugin v27.6 - https:\/\/yoast.com\/product\/yoast-seo-wordpress\/ -->\n<title>Accueil - Chris Massage<\/title>\n<meta name=\"robots\" content=\"index, follow, max-snippet:-1, max-image-preview:large, max-video-preview:-1\" \/>\n<link rel=\"canonical\" href=\"http:\/\/chrismassage.ch\/\" \/>\n<meta property=\"og:locale\" content=\"fr_FR\" \/>\n<meta property=\"og:type\" content=\"article\" \/>\n<meta property=\"og:title\" content=\"Accueil - Chris Massage\" \/>\n<meta property=\"og:description\" content=\"Bonjour Je m\u2019appelle Christophe Agu\u00e9, Je suis mari\u00e9 et papa de 2 enfants Passionn\u00e9 par le bien-\u00eatre, je vous propose diverses techniques de\u00a0 massages: Massage relaxant aux huiles essentielles, massage \u00e0 la bougie Massage aux pierres chaudes, Massage Balinais Massage Lomi-Lomi Massage anticellulite manuel, massage pour enfant. Pose de ventouses chinoises. Les massages sont pratiqu\u00e9s &hellip; Lire la suite\" \/>\n<meta property=\"og:url\" content=\"http:\/\/chrismassage.ch\/\" \/>\n<meta property=\"og:site_name\" content=\"Chris Massage\" \/>\n<meta property=\"article:modified_time\" content=\"2025-04-05T15:23:00+00:00\" \/>\n<meta property=\"og:image\" content=\"http:\/\/chrismassage.ch\/wp-content\/uploads\/2019\/11\/IMG_3655-225x300.jpg\" \/>\n<meta name=\"twitter:card\" content=\"summary_large_image\" \/>\n<meta name=\"twitter:label1\" content=\"Dur\u00e9e de lecture estim\u00e9e\" \/>\n\t<meta name=\"twitter:data1\" content=\"1 minute\" \/>\n<script type=\"application\/ld+json\" class=\"yoast-schema-graph\">{\"@context\":\"https:\\\/\\\/schema.org\",\"@graph\":[{\"@type\":\"WebPage\",\"@id\":\"http:\\\/\\\/chrismassage.ch\\\/\",\"url\":\"http:\\\/\\\/chrismassage.ch\\\/\",\"name\":\"Accueil - Chris Massage\",\"isPartOf\":{\"@id\":\"http:\\\/\\\/chrismassage.ch\\\/#website\"},\"primaryImageOfPage\":{\"@id\":\"http:\\\/\\\/chrismassage.ch\\\/#primaryimage\"},\"image\":{\"@id\":\"http:\\\/\\\/chrismassage.ch\\\/#primaryimage\"},\"thumbnailUrl\":\"http:\\\/\\\/chrismassage.ch\\\/wp-content\\\/uploads\\\/2019\\\/11\\\/IMG_3655-225x300.jpg\",\"datePublished\":\"2019-01-11T09:49:44+00:00\",\"dateModified\":\"2025-04-05T15:23:00+00:00\",\"breadcrumb\":{\"@id\":\"http:\\\/\\\/chrismassage.ch\\\/#breadcrumb\"},\"inLanguage\":\"fr-FR\",\"potentialAction\":[{\"@type\":\"ReadAction\",\"target\":[\"http:\\\/\\\/chrismassage.ch\\\/\"]}]},{\"@type\":\"ImageObject\",\"inLanguage\":\"fr-FR\",\"@id\":\"http:\\\/\\\/chrismassage.ch\\\/#primaryimage\",\"url\":\"http:\\\/\\\/chrismassage.ch\\\/wp-content\\\/uploads\\\/2019\\\/11\\\/IMG_3655-225x300.jpg\",\"contentUrl\":\"http:\\\/\\\/chrismassage.ch\\\/wp-content\\\/uploads\\\/2019\\\/11\\\/IMG_3655-225x300.jpg\"},{\"@type\":\"BreadcrumbList\",\"@id\":\"http:\\\/\\\/chrismassage.ch\\\/#breadcrumb\",\"itemListElement\":[{\"@type\":\"ListItem\",\"position\":1,\"name\":\"Home\",\"item\":\"http:\\\/\\\/chrismassage.ch\\\/\"},{\"@type\":\"ListItem\",\"position\":2,\"name\":\"Accueil\"}]},{\"@type\":\"WebSite\",\"@id\":\"http:\\\/\\\/chrismassage.ch\\\/#website\",\"url\":\"http:\\\/\\\/chrismassage.ch\\\/\",\"name\":\"Chris Massage\",\"description\":\"Il est temps de prendre soin de vous\",\"publisher\":{\"@id\":\"http:\\\/\\\/chrismassage.ch\\\/#\\\/schema\\\/person\\\/c02ee1a7c3f4876ad33eb11b401f6941\"},\"potentialAction\":[{\"@type\":\"SearchAction\",\"target\":{\"@type\":\"EntryPoint\",\"urlTemplate\":\"http:\\\/\\\/chrismassage.ch\\\/?s={search_term_string}\"},\"query-input\":{\"@type\":\"PropertyValueSpecification\",\"valueRequired\":true,\"valueName\":\"search_term_string\"}}],\"inLanguage\":\"fr-FR\"},{\"@type\":[\"Person\",\"Organization\"],\"@id\":\"http:\\\/\\\/chrismassage.ch\\\/#\\\/schema\\\/person\\\/c02ee1a7c3f4876ad33eb11b401f6941\",\"name\":\"admin\",\"image\":{\"@type\":\"ImageObject\",\"inLanguage\":\"fr-FR\",\"@id\":\"http:\\\/\\\/chrismassage.ch\\\/wp-content\\\/uploads\\\/2019\\\/01\\\/48902290_278212269511277_7092823204384735232_n-1.jpg\",\"url\":\"http:\\\/\\\/chrismassage.ch\\\/wp-content\\\/uploads\\\/2019\\\/01\\\/48902290_278212269511277_7092823204384735232_n-1.jpg\",\"contentUrl\":\"http:\\\/\\\/chrismassage.ch\\\/wp-content\\\/uploads\\\/2019\\\/01\\\/48902290_278212269511277_7092823204384735232_n-1.jpg\",\"width\":781,\"height\":960,\"caption\":\"admin\"},\"logo\":{\"@id\":\"http:\\\/\\\/chrismassage.ch\\\/wp-content\\\/uploads\\\/2019\\\/01\\\/48902290_278212269511277_7092823204384735232_n-1.jpg\"}}]}<\/script>\n<!-- \/ Yoast SEO plugin. -->","yoast_head_json":{"title":"Accueil - Chris Massage","robots":{"index":"index","follow":"follow","max-snippet":"max-snippet:-1","max-image-preview":"max-image-preview:large","max-video-preview":"max-video-preview:-1"},"canonical":"http:\/\/chrismassage.ch\/","og_locale":"fr_FR","og_type":"article","og_title":"Accueil - Chris Massage","og_description":"Bonjour Je m\u2019appelle Christophe Agu\u00e9, Je suis mari\u00e9 et papa de 2 enfants Passionn\u00e9 par le bien-\u00eatre, je vous propose diverses techniques de\u00a0 massages: Massage relaxant aux huiles essentielles, massage \u00e0 la bougie Massage aux pierres chaudes, Massage Balinais Massage Lomi-Lomi Massage anticellulite manuel, massage pour enfant. Pose de ventouses chinoises. Les massages sont pratiqu\u00e9s &hellip; Lire la suite","og_url":"http:\/\/chrismassage.ch\/","og_site_name":"Chris Massage","article_modified_time":"2025-04-05T15:23:00+00:00","og_image":[{"url":"http:\/\/chrismassage.ch\/wp-content\/uploads\/2019\/11\/IMG_3655-225x300.jpg","type":"","width":"","height":""}],"twitter_card":"summary_large_image","twitter_misc":{"Dur\u00e9e de lecture estim\u00e9e":"1 minute"},"schema":{"@context":"https:\/\/schema.org","@graph":[{"@type":"WebPage","@id":"http:\/\/chrismassage.ch\/","url":"http:\/\/chrismassage.ch\/","name":"Accueil - Chris Massage","isPartOf":{"@id":"http:\/\/chrismassage.ch\/#website"},"primaryImageOfPage":{"@id":"http:\/\/chrismassage.ch\/#primaryimage"},"image":{"@id":"http:\/\/chrismassage.ch\/#primaryimage"},"thumbnailUrl":"http:\/\/chrismassage.ch\/wp-content\/uploads\/2019\/11\/IMG_3655-225x300.jpg","datePublished":"2019-01-11T09:49:44+00:00","dateModified":"2025-04-05T15:23:00+00:00","breadcrumb":{"@id":"http:\/\/chrismassage.ch\/#breadcrumb"},"inLanguage":"fr-FR","potentialAction":[{"@type":"ReadAction","target":["http:\/\/chrismassage.ch\/"]}]},{"@type":"ImageObject","inLanguage":"fr-FR","@id":"http:\/\/chrismassage.ch\/#primaryimage","url":"http:\/\/chrismassage.ch\/wp-content\/uploads\/2019\/11\/IMG_3655-225x300.jpg","contentUrl":"http:\/\/chrismassage.ch\/wp-content\/uploads\/2019\/11\/IMG_3655-225x300.jpg"},{"@type":"BreadcrumbList","@id":"http:\/\/chrismassage.ch\/#breadcrumb","itemListElement":[{"@type":"ListItem","position":1,"name":"Home","item":"http:\/\/chrismassage.ch\/"},{"@type":"ListItem","position":2,"name":"Accueil"}]},{"@type":"WebSite","@id":"http:\/\/chrismassage.ch\/#website","url":"http:\/\/chrismassage.ch\/","name":"Chris Massage","description":"Il est temps de prendre soin de vous","publisher":{"@id":"http:\/\/chrismassage.ch\/#\/schema\/person\/c02ee1a7c3f4876ad33eb11b401f6941"},"potentialAction":[{"@type":"SearchAction","target":{"@type":"EntryPoint","urlTemplate":"http:\/\/chrismassage.ch\/?s={search_term_string}"},"query-input":{"@type":"PropertyValueSpecification","valueRequired":true,"valueName":"search_term_string"}}],"inLanguage":"fr-FR"},{"@type":["Person","Organization"],"@id":"http:\/\/chrismassage.ch\/#\/schema\/person\/c02ee1a7c3f4876ad33eb11b401f6941","name":"admin","image":{"@type":"ImageObject","inLanguage":"fr-FR","@id":"http:\/\/chrismassage.ch\/wp-content\/uploads\/2019\/01\/48902290_278212269511277_7092823204384735232_n-1.jpg","url":"http:\/\/chrismassage.ch\/wp-content\/uploads\/2019\/01\/48902290_278212269511277_7092823204384735232_n-1.jpg","contentUrl":"http:\/\/chrismassage.ch\/wp-content\/uploads\/2019\/01\/48902290_278212269511277_7092823204384735232_n-1.jpg","width":781,"height":960,"caption":"admin"},"logo":{"@id":"http:\/\/chrismassage.ch\/wp-content\/uploads\/2019\/01\/48902290_278212269511277_7092823204384735232_n-1.jpg"}}]}},"_links":{"self":[{"href":"https:\/\/chrismassage.ch\/index.php\/wp-json\/wp\/v2\/pages\/9","targetHints":{"allow":["GET"]}}],"collection":[{"href":"https:\/\/chrismassage.ch\/index.php\/wp-json\/wp\/v2\/pages"}],"about":[{"href":"https:\/\/chrismassage.ch\/index.php\/wp-json\/wp\/v2\/types\/page"}],"author":[{"embeddable":true,"href":"https:\/\/chrismassage.ch\/index.php\/wp-json\/wp\/v2\/users\/1"}],"replies":[{"embeddable":true,"href":"https:\/\/chrismassage.ch\/index.php\/wp-json\/wp\/v2\/comments?post=9"}],"version-history":[{"count":27,"href":"https:\/\/chrismassage.ch\/index.php\/wp-json\/wp\/v2\/pages\/9\/revisions"}],"predecessor-version":[{"id":743,"href":"https:\/\/chrismassage.ch\/index.php\/wp-json\/wp\/v2\/pages\/9\/revisions\/743"}],"wp:attachment":[{"href":"https:\/\/chrismassage.ch\/index.php\/wp-json\/wp\/v2\/media?parent=9"}],"curies":[{"name":"wp","href":"https:\/\/api.w.org\/{rel}","templated":true}]}}