{"id":77,"date":"2019-01-11T21:57:11","date_gmt":"2019-01-11T21:57:11","guid":{"rendered":"http:\/\/chrismassage.ch\/?page_id=77"},"modified":"2023-05-25T10:06:07","modified_gmt":"2023-05-25T10:06:07","slug":"les-massages","status":"publish","type":"page","link":"https:\/\/chrismassage.ch\/index.php\/les-massages\/","title":{"rendered":"Les massages"},"content":{"rendered":"<p>\n<!--StartFragment--><\/p>\n\n\n<p>Le massage relaxant<\/p>\n\n\n\n<p>Le massage relaxant d\u00e9tend en profondeur  le corps et l\u2019esprit.<\/p>\n\n\n\n<p>J&rsquo;utilise diff\u00e9rentes techniques: les pressions gliss\u00e9es, la friction, le p\u00e9trissage.<br><br>Le massage est effectu\u00e9 avec de l&rsquo;huile v\u00e9g\u00e9tale d&rsquo;amande douce et de l&rsquo;huile essentielle de lavande.<\/p>\n\n\n\n<p>\u200bLe massage relaxant permet d&rsquo;acc\u00e9der \u00e0 une d\u00e9tente profonde de tout le  corps; il permet aussi le l\u00e2cher prise ainsi que de vivre le moment  pr\u00e9sent, d&rsquo;am\u00e9liorer l&rsquo;\u00e9coute de son propre corps, d&rsquo;apprendre \u00e0 se  conna\u00eetre et \u00e0 reconna\u00eetre ses besoins.<br>Il d\u00e9noue les tensions musculaires, \u00e9limine la fatigue et le stress, harmonise la respiration et \u00e9quilibre les \u00e9nergies.<\/p>\n\n\n\n<p>Massage relaxant au huiles essentielles<br>1h00 &#8211; 65 frs<br>1h30 &#8211; 95 frs <\/p>\n\n\n\n<p><\/p>\n\n\n\n<figure class=\"wp-block-image size-large is-resized\"><img loading=\"lazy\" decoding=\"async\" src=\"http:\/\/chrismassage.ch\/wp-content\/uploads\/2020\/10\/120702967_630359584296542_5663919058084897259_o-1.jpg\" alt=\"\" class=\"wp-image-382\" width=\"594\" height=\"594\" srcset=\"https:\/\/chrismassage.ch\/wp-content\/uploads\/2020\/10\/120702967_630359584296542_5663919058084897259_o-1.jpg 843w, https:\/\/chrismassage.ch\/wp-content\/uploads\/2020\/10\/120702967_630359584296542_5663919058084897259_o-1-300x300.jpg 300w, https:\/\/chrismassage.ch\/wp-content\/uploads\/2020\/10\/120702967_630359584296542_5663919058084897259_o-1-150x150.jpg 150w, https:\/\/chrismassage.ch\/wp-content\/uploads\/2020\/10\/120702967_630359584296542_5663919058084897259_o-1-768x768.jpg 768w, https:\/\/chrismassage.ch\/wp-content\/uploads\/2020\/10\/120702967_630359584296542_5663919058084897259_o-1-750x750.jpg 750w\" sizes=\"auto, (max-width: 594px) 100vw, 594px\" \/><\/figure>\n","protected":false},"excerpt":{"rendered":"<p>Le massage relaxant Le massage relaxant d\u00e9tend en profondeur le corps et l\u2019esprit. J&rsquo;utilise diff\u00e9rentes techniques: les pressions gliss\u00e9es, la friction, le p\u00e9trissage. Le massage est effectu\u00e9 avec de l&rsquo;huile v\u00e9g\u00e9tale d&rsquo;amande douce et de l&rsquo;huile essentielle de lavande. \u200bLe massage relaxant permet d&rsquo;acc\u00e9der \u00e0 une d\u00e9tente profonde de tout le corps; il permet aussi &hellip; <\/p>\n<p><a class=\"more-link btn\" href=\"https:\/\/chrismassage.ch\/index.php\/les-massages\/\">Lire la suite<\/a><\/p>\n","protected":false},"author":1,"featured_media":0,"parent":0,"menu_order":0,"comment_status":"closed","ping_status":"closed","template":"","meta":{"footnotes":""},"class_list":["post-77","page","type-page","status-publish","hentry","nodate","item-wrap"],"yoast_head":"<!-- This site is optimized with the Yoast SEO plugin v27.6 - https:\/\/yoast.com\/product\/yoast-seo-wordpress\/ -->\n<title>Les massages - Chris Massage<\/title>\n<meta name=\"robots\" content=\"index, follow, max-snippet:-1, max-image-preview:large, max-video-preview:-1\" \/>\n<link rel=\"canonical\" href=\"https:\/\/chrismassage.ch\/index.php\/les-massages\/\" \/>\n<meta property=\"og:locale\" content=\"fr_FR\" \/>\n<meta property=\"og:type\" content=\"article\" \/>\n<meta property=\"og:title\" content=\"Les massages - Chris Massage\" \/>\n<meta property=\"og:description\" content=\"Le massage relaxant Le massage relaxant d\u00e9tend en profondeur le corps et l\u2019esprit. J&rsquo;utilise diff\u00e9rentes techniques: les pressions gliss\u00e9es, la friction, le p\u00e9trissage. Le massage est effectu\u00e9 avec de l&rsquo;huile v\u00e9g\u00e9tale d&rsquo;amande douce et de l&rsquo;huile essentielle de lavande. \u200bLe massage relaxant permet d&rsquo;acc\u00e9der \u00e0 une d\u00e9tente profonde de tout le corps; il permet aussi &hellip; Lire la suite\" \/>\n<meta property=\"og:url\" content=\"https:\/\/chrismassage.ch\/index.php\/les-massages\/\" \/>\n<meta property=\"og:site_name\" content=\"Chris Massage\" \/>\n<meta property=\"article:modified_time\" content=\"2023-05-25T10:06:07+00:00\" \/>\n<meta property=\"og:image\" content=\"http:\/\/chrismassage.ch\/wp-content\/uploads\/2020\/10\/120702967_630359584296542_5663919058084897259_o-1.jpg\" \/>\n<meta name=\"twitter:card\" content=\"summary_large_image\" \/>\n<meta name=\"twitter:label1\" content=\"Dur\u00e9e de lecture estim\u00e9e\" \/>\n\t<meta name=\"twitter:data1\" content=\"1 minute\" \/>\n<script type=\"application\/ld+json\" class=\"yoast-schema-graph\">{\"@context\":\"https:\\\/\\\/schema.org\",\"@graph\":[{\"@type\":\"WebPage\",\"@id\":\"https:\\\/\\\/chrismassage.ch\\\/index.php\\\/les-massages\\\/\",\"url\":\"https:\\\/\\\/chrismassage.ch\\\/index.php\\\/les-massages\\\/\",\"name\":\"Les massages - Chris Massage\",\"isPartOf\":{\"@id\":\"http:\\\/\\\/chrismassage.ch\\\/#website\"},\"primaryImageOfPage\":{\"@id\":\"https:\\\/\\\/chrismassage.ch\\\/index.php\\\/les-massages\\\/#primaryimage\"},\"image\":{\"@id\":\"https:\\\/\\\/chrismassage.ch\\\/index.php\\\/les-massages\\\/#primaryimage\"},\"thumbnailUrl\":\"http:\\\/\\\/chrismassage.ch\\\/wp-content\\\/uploads\\\/2020\\\/10\\\/120702967_630359584296542_5663919058084897259_o-1.jpg\",\"datePublished\":\"2019-01-11T21:57:11+00:00\",\"dateModified\":\"2023-05-25T10:06:07+00:00\",\"breadcrumb\":{\"@id\":\"https:\\\/\\\/chrismassage.ch\\\/index.php\\\/les-massages\\\/#breadcrumb\"},\"inLanguage\":\"fr-FR\",\"potentialAction\":[{\"@type\":\"ReadAction\",\"target\":[\"https:\\\/\\\/chrismassage.ch\\\/index.php\\\/les-massages\\\/\"]}]},{\"@type\":\"ImageObject\",\"inLanguage\":\"fr-FR\",\"@id\":\"https:\\\/\\\/chrismassage.ch\\\/index.php\\\/les-massages\\\/#primaryimage\",\"url\":\"https:\\\/\\\/chrismassage.ch\\\/wp-content\\\/uploads\\\/2020\\\/10\\\/120702967_630359584296542_5663919058084897259_o-1.jpg\",\"contentUrl\":\"https:\\\/\\\/chrismassage.ch\\\/wp-content\\\/uploads\\\/2020\\\/10\\\/120702967_630359584296542_5663919058084897259_o-1.jpg\",\"width\":843,\"height\":843},{\"@type\":\"BreadcrumbList\",\"@id\":\"https:\\\/\\\/chrismassage.ch\\\/index.php\\\/les-massages\\\/#breadcrumb\",\"itemListElement\":[{\"@type\":\"ListItem\",\"position\":1,\"name\":\"Home\",\"item\":\"http:\\\/\\\/chrismassage.ch\\\/\"},{\"@type\":\"ListItem\",\"position\":2,\"name\":\"Les massages\"}]},{\"@type\":\"WebSite\",\"@id\":\"http:\\\/\\\/chrismassage.ch\\\/#website\",\"url\":\"http:\\\/\\\/chrismassage.ch\\\/\",\"name\":\"Chris Massage\",\"description\":\"Il est temps de prendre soin de vous\",\"publisher\":{\"@id\":\"http:\\\/\\\/chrismassage.ch\\\/#\\\/schema\\\/person\\\/c02ee1a7c3f4876ad33eb11b401f6941\"},\"potentialAction\":[{\"@type\":\"SearchAction\",\"target\":{\"@type\":\"EntryPoint\",\"urlTemplate\":\"http:\\\/\\\/chrismassage.ch\\\/?s={search_term_string}\"},\"query-input\":{\"@type\":\"PropertyValueSpecification\",\"valueRequired\":true,\"valueName\":\"search_term_string\"}}],\"inLanguage\":\"fr-FR\"},{\"@type\":[\"Person\",\"Organization\"],\"@id\":\"http:\\\/\\\/chrismassage.ch\\\/#\\\/schema\\\/person\\\/c02ee1a7c3f4876ad33eb11b401f6941\",\"name\":\"admin\",\"image\":{\"@type\":\"ImageObject\",\"inLanguage\":\"fr-FR\",\"@id\":\"http:\\\/\\\/chrismassage.ch\\\/wp-content\\\/uploads\\\/2019\\\/01\\\/48902290_278212269511277_7092823204384735232_n-1.jpg\",\"url\":\"http:\\\/\\\/chrismassage.ch\\\/wp-content\\\/uploads\\\/2019\\\/01\\\/48902290_278212269511277_7092823204384735232_n-1.jpg\",\"contentUrl\":\"http:\\\/\\\/chrismassage.ch\\\/wp-content\\\/uploads\\\/2019\\\/01\\\/48902290_278212269511277_7092823204384735232_n-1.jpg\",\"width\":781,\"height\":960,\"caption\":\"admin\"},\"logo\":{\"@id\":\"http:\\\/\\\/chrismassage.ch\\\/wp-content\\\/uploads\\\/2019\\\/01\\\/48902290_278212269511277_7092823204384735232_n-1.jpg\"}}]}<\/script>\n<!-- \/ Yoast SEO plugin. -->","yoast_head_json":{"title":"Les massages - Chris Massage","robots":{"index":"index","follow":"follow","max-snippet":"max-snippet:-1","max-image-preview":"max-image-preview:large","max-video-preview":"max-video-preview:-1"},"canonical":"https:\/\/chrismassage.ch\/index.php\/les-massages\/","og_locale":"fr_FR","og_type":"article","og_title":"Les massages - Chris Massage","og_description":"Le massage relaxant Le massage relaxant d\u00e9tend en profondeur le corps et l\u2019esprit. J&rsquo;utilise diff\u00e9rentes techniques: les pressions gliss\u00e9es, la friction, le p\u00e9trissage. Le massage est effectu\u00e9 avec de l&rsquo;huile v\u00e9g\u00e9tale d&rsquo;amande douce et de l&rsquo;huile essentielle de lavande. \u200bLe massage relaxant permet d&rsquo;acc\u00e9der \u00e0 une d\u00e9tente profonde de tout le corps; il permet aussi &hellip; Lire la suite","og_url":"https:\/\/chrismassage.ch\/index.php\/les-massages\/","og_site_name":"Chris Massage","article_modified_time":"2023-05-25T10:06:07+00:00","og_image":[{"url":"http:\/\/chrismassage.ch\/wp-content\/uploads\/2020\/10\/120702967_630359584296542_5663919058084897259_o-1.jpg","type":"","width":"","height":""}],"twitter_card":"summary_large_image","twitter_misc":{"Dur\u00e9e de lecture estim\u00e9e":"1 minute"},"schema":{"@context":"https:\/\/schema.org","@graph":[{"@type":"WebPage","@id":"https:\/\/chrismassage.ch\/index.php\/les-massages\/","url":"https:\/\/chrismassage.ch\/index.php\/les-massages\/","name":"Les massages - Chris Massage","isPartOf":{"@id":"http:\/\/chrismassage.ch\/#website"},"primaryImageOfPage":{"@id":"https:\/\/chrismassage.ch\/index.php\/les-massages\/#primaryimage"},"image":{"@id":"https:\/\/chrismassage.ch\/index.php\/les-massages\/#primaryimage"},"thumbnailUrl":"http:\/\/chrismassage.ch\/wp-content\/uploads\/2020\/10\/120702967_630359584296542_5663919058084897259_o-1.jpg","datePublished":"2019-01-11T21:57:11+00:00","dateModified":"2023-05-25T10:06:07+00:00","breadcrumb":{"@id":"https:\/\/chrismassage.ch\/index.php\/les-massages\/#breadcrumb"},"inLanguage":"fr-FR","potentialAction":[{"@type":"ReadAction","target":["https:\/\/chrismassage.ch\/index.php\/les-massages\/"]}]},{"@type":"ImageObject","inLanguage":"fr-FR","@id":"https:\/\/chrismassage.ch\/index.php\/les-massages\/#primaryimage","url":"https:\/\/chrismassage.ch\/wp-content\/uploads\/2020\/10\/120702967_630359584296542_5663919058084897259_o-1.jpg","contentUrl":"https:\/\/chrismassage.ch\/wp-content\/uploads\/2020\/10\/120702967_630359584296542_5663919058084897259_o-1.jpg","width":843,"height":843},{"@type":"BreadcrumbList","@id":"https:\/\/chrismassage.ch\/index.php\/les-massages\/#breadcrumb","itemListElement":[{"@type":"ListItem","position":1,"name":"Home","item":"http:\/\/chrismassage.ch\/"},{"@type":"ListItem","position":2,"name":"Les massages"}]},{"@type":"WebSite","@id":"http:\/\/chrismassage.ch\/#website","url":"http:\/\/chrismassage.ch\/","name":"Chris Massage","description":"Il est temps de prendre soin de vous","publisher":{"@id":"http:\/\/chrismassage.ch\/#\/schema\/person\/c02ee1a7c3f4876ad33eb11b401f6941"},"potentialAction":[{"@type":"SearchAction","target":{"@type":"EntryPoint","urlTemplate":"http:\/\/chrismassage.ch\/?s={search_term_string}"},"query-input":{"@type":"PropertyValueSpecification","valueRequired":true,"valueName":"search_term_string"}}],"inLanguage":"fr-FR"},{"@type":["Person","Organization"],"@id":"http:\/\/chrismassage.ch\/#\/schema\/person\/c02ee1a7c3f4876ad33eb11b401f6941","name":"admin","image":{"@type":"ImageObject","inLanguage":"fr-FR","@id":"http:\/\/chrismassage.ch\/wp-content\/uploads\/2019\/01\/48902290_278212269511277_7092823204384735232_n-1.jpg","url":"http:\/\/chrismassage.ch\/wp-content\/uploads\/2019\/01\/48902290_278212269511277_7092823204384735232_n-1.jpg","contentUrl":"http:\/\/chrismassage.ch\/wp-content\/uploads\/2019\/01\/48902290_278212269511277_7092823204384735232_n-1.jpg","width":781,"height":960,"caption":"admin"},"logo":{"@id":"http:\/\/chrismassage.ch\/wp-content\/uploads\/2019\/01\/48902290_278212269511277_7092823204384735232_n-1.jpg"}}]}},"_links":{"self":[{"href":"https:\/\/chrismassage.ch\/index.php\/wp-json\/wp\/v2\/pages\/77","targetHints":{"allow":["GET"]}}],"collection":[{"href":"https:\/\/chrismassage.ch\/index.php\/wp-json\/wp\/v2\/pages"}],"about":[{"href":"https:\/\/chrismassage.ch\/index.php\/wp-json\/wp\/v2\/types\/page"}],"author":[{"embeddable":true,"href":"https:\/\/chrismassage.ch\/index.php\/wp-json\/wp\/v2\/users\/1"}],"replies":[{"embeddable":true,"href":"https:\/\/chrismassage.ch\/index.php\/wp-json\/wp\/v2\/comments?post=77"}],"version-history":[{"count":7,"href":"https:\/\/chrismassage.ch\/index.php\/wp-json\/wp\/v2\/pages\/77\/revisions"}],"predecessor-version":[{"id":621,"href":"https:\/\/chrismassage.ch\/index.php\/wp-json\/wp\/v2\/pages\/77\/revisions\/621"}],"wp:attachment":[{"href":"https:\/\/chrismassage.ch\/index.php\/wp-json\/wp\/v2\/media?parent=77"}],"curies":[{"name":"wp","href":"https:\/\/api.w.org\/{rel}","templated":true}]}}