{"id":486,"date":"2021-12-08T10:56:47","date_gmt":"2021-12-08T10:56:47","guid":{"rendered":"http:\/\/chrismassage.ch\/?page_id=486"},"modified":"2022-01-16T17:23:10","modified_gmt":"2022-01-16T17:23:10","slug":"massage-aux-pierres-chaudes","status":"publish","type":"page","link":"https:\/\/chrismassage.ch\/index.php\/massage-aux-pierres-chaudes\/","title":{"rendered":"Massage aux pierres chaudes"},"content":{"rendered":"\n<p><strong>Informations sur les pierres chaudes :<\/strong><\/p>\n\n\n\n<p>Les pierres de basalte sont chauff\u00e9es \u00e0 temp\u00e9rature constante, puis enduites d\u2019huile de massage v\u00e9g\u00e9tal neutre ou avec des huiles essentielles.<br>Les pierres sont ensuite dispos\u00e9es sur le corps \u00e0 des endroit bien pr\u00e9cis et gliss\u00e9es le long du corps, alternant les frictions et les simples effleurements, tout en modulant son rythme, en fonction des besoins.<br>Des huiles essentielles sont utilis\u00e9es et choisies en fonction de leurs vertus (anti-inflammatoires, relaxantes, purifiantes, \u00e9nergisantes), qui p\u00e9n\u00e8trent rapidement dans la peau gr\u00e2ce \u00e0 la chaleur des pierres.<\/p>\n\n\n\n<div class=\"wp-block-image is-style-rounded\"><figure class=\"aligncenter size-full is-resized\"><img loading=\"lazy\" decoding=\"async\" src=\"http:\/\/chrismassage.ch\/wp-content\/uploads\/2021\/12\/canstockphoto6111450.jpg\" alt=\"\" class=\"wp-image-491\" width=\"200\" height=\"133\" srcset=\"https:\/\/chrismassage.ch\/wp-content\/uploads\/2021\/12\/canstockphoto6111450.jpg 800w, https:\/\/chrismassage.ch\/wp-content\/uploads\/2021\/12\/canstockphoto6111450-300x200.jpg 300w, https:\/\/chrismassage.ch\/wp-content\/uploads\/2021\/12\/canstockphoto6111450-768x512.jpg 768w, https:\/\/chrismassage.ch\/wp-content\/uploads\/2021\/12\/canstockphoto6111450-750x500.jpg 750w\" sizes=\"auto, (max-width: 200px) 100vw, 200px\" \/><\/figure><\/div>\n\n\n\n<p><strong>Bienfaits des pierres chaudes :<\/strong><\/p>\n\n\n\n<p>\u25ba Relaxe les muscles en profondeur<\/p>\n\n\n\n<p>\u25ba Favorise l&rsquo;oxyg\u00e9nation des tissus<\/p>\n\n\n\n<p>\u25ba Lutte contre la fatigue et le stress<\/p>\n\n\n\n<p>\u25ba Am\u00e9liore la circulation sanguine<\/p>\n\n\n\n<p>\u25ba Stimule les fonctions lymphatiques<\/p>\n\n\n\n<p>\u25ba \u00c9limination des toxines<\/p>\n\n\n\n<p>\u25ba G\u00e9n\u00e8re une sensation de bien-\u00eatre qui se prolonge longtemps apr\u00e8s la s\u00e9ance<\/p>\n\n\n\n<p><\/p>\n\n\n\n<p>1h15 &#8211; 130 frs<\/p>\n\n\n\n<figure class=\"wp-block-image size-large is-resized\"><img loading=\"lazy\" decoding=\"async\" src=\"http:\/\/chrismassage.ch\/wp-content\/uploads\/2021\/12\/canstockphoto22583451-1024x683.jpg\" alt=\"\" class=\"wp-image-490\" width=\"302\" height=\"201\" srcset=\"https:\/\/chrismassage.ch\/wp-content\/uploads\/2021\/12\/canstockphoto22583451-1024x683.jpg 1024w, https:\/\/chrismassage.ch\/wp-content\/uploads\/2021\/12\/canstockphoto22583451-300x200.jpg 300w, https:\/\/chrismassage.ch\/wp-content\/uploads\/2021\/12\/canstockphoto22583451-768x512.jpg 768w, https:\/\/chrismassage.ch\/wp-content\/uploads\/2021\/12\/canstockphoto22583451-1536x1024.jpg 1536w, https:\/\/chrismassage.ch\/wp-content\/uploads\/2021\/12\/canstockphoto22583451-750x500.jpg 750w, https:\/\/chrismassage.ch\/wp-content\/uploads\/2021\/12\/canstockphoto22583451.jpg 1600w\" sizes=\"auto, (max-width: 302px) 100vw, 302px\" \/><\/figure>\n","protected":false},"excerpt":{"rendered":"<p>Informations sur les pierres chaudes : Les pierres de basalte sont chauff\u00e9es \u00e0 temp\u00e9rature constante, puis enduites d\u2019huile de massage v\u00e9g\u00e9tal neutre ou avec des huiles essentielles.Les pierres sont ensuite dispos\u00e9es sur le corps \u00e0 des endroit bien pr\u00e9cis et gliss\u00e9es le long du corps, alternant les frictions et les simples effleurements, tout en modulant &hellip; <\/p>\n<p><a class=\"more-link btn\" href=\"https:\/\/chrismassage.ch\/index.php\/massage-aux-pierres-chaudes\/\">Lire la suite<\/a><\/p>\n","protected":false},"author":1,"featured_media":0,"parent":0,"menu_order":0,"comment_status":"closed","ping_status":"closed","template":"","meta":{"footnotes":""},"class_list":["post-486","page","type-page","status-publish","hentry","nodate","item-wrap"],"yoast_head":"<!-- This site is optimized with the Yoast SEO plugin v27.5 - https:\/\/yoast.com\/product\/yoast-seo-wordpress\/ -->\n<title>Massage aux pierres chaudes - Chris Massage<\/title>\n<meta name=\"robots\" content=\"index, follow, max-snippet:-1, max-image-preview:large, max-video-preview:-1\" \/>\n<link rel=\"canonical\" href=\"http:\/\/chrismassage.ch\/index.php\/massage-aux-pierres-chaudes\/\" \/>\n<meta property=\"og:locale\" content=\"fr_FR\" \/>\n<meta property=\"og:type\" content=\"article\" \/>\n<meta property=\"og:title\" content=\"Massage aux pierres chaudes - Chris Massage\" \/>\n<meta property=\"og:description\" content=\"Informations sur les pierres chaudes : Les pierres de basalte sont chauff\u00e9es \u00e0 temp\u00e9rature constante, puis enduites d\u2019huile de massage v\u00e9g\u00e9tal neutre ou avec des huiles essentielles.Les pierres sont ensuite dispos\u00e9es sur le corps \u00e0 des endroit bien pr\u00e9cis et gliss\u00e9es le long du corps, alternant les frictions et les simples effleurements, tout en modulant &hellip; Lire la suite\" \/>\n<meta property=\"og:url\" content=\"http:\/\/chrismassage.ch\/index.php\/massage-aux-pierres-chaudes\/\" \/>\n<meta property=\"og:site_name\" content=\"Chris Massage\" \/>\n<meta property=\"article:modified_time\" content=\"2022-01-16T17:23:10+00:00\" \/>\n<meta property=\"og:image\" content=\"http:\/\/chrismassage.ch\/wp-content\/uploads\/2021\/12\/canstockphoto6111450.jpg\" \/>\n<meta name=\"twitter:card\" content=\"summary_large_image\" \/>\n<meta name=\"twitter:label1\" content=\"Dur\u00e9e de lecture estim\u00e9e\" \/>\n\t<meta name=\"twitter:data1\" content=\"2 minutes\" \/>\n<script type=\"application\/ld+json\" class=\"yoast-schema-graph\">{\"@context\":\"https:\\\/\\\/schema.org\",\"@graph\":[{\"@type\":\"WebPage\",\"@id\":\"http:\\\/\\\/chrismassage.ch\\\/index.php\\\/massage-aux-pierres-chaudes\\\/\",\"url\":\"http:\\\/\\\/chrismassage.ch\\\/index.php\\\/massage-aux-pierres-chaudes\\\/\",\"name\":\"Massage aux pierres chaudes - Chris Massage\",\"isPartOf\":{\"@id\":\"https:\\\/\\\/chrismassage.ch\\\/#website\"},\"primaryImageOfPage\":{\"@id\":\"http:\\\/\\\/chrismassage.ch\\\/index.php\\\/massage-aux-pierres-chaudes\\\/#primaryimage\"},\"image\":{\"@id\":\"http:\\\/\\\/chrismassage.ch\\\/index.php\\\/massage-aux-pierres-chaudes\\\/#primaryimage\"},\"thumbnailUrl\":\"http:\\\/\\\/chrismassage.ch\\\/wp-content\\\/uploads\\\/2021\\\/12\\\/canstockphoto6111450.jpg\",\"datePublished\":\"2021-12-08T10:56:47+00:00\",\"dateModified\":\"2022-01-16T17:23:10+00:00\",\"breadcrumb\":{\"@id\":\"http:\\\/\\\/chrismassage.ch\\\/index.php\\\/massage-aux-pierres-chaudes\\\/#breadcrumb\"},\"inLanguage\":\"fr-FR\",\"potentialAction\":[{\"@type\":\"ReadAction\",\"target\":[\"http:\\\/\\\/chrismassage.ch\\\/index.php\\\/massage-aux-pierres-chaudes\\\/\"]}]},{\"@type\":\"ImageObject\",\"inLanguage\":\"fr-FR\",\"@id\":\"http:\\\/\\\/chrismassage.ch\\\/index.php\\\/massage-aux-pierres-chaudes\\\/#primaryimage\",\"url\":\"https:\\\/\\\/chrismassage.ch\\\/wp-content\\\/uploads\\\/2021\\\/12\\\/canstockphoto6111450.jpg\",\"contentUrl\":\"https:\\\/\\\/chrismassage.ch\\\/wp-content\\\/uploads\\\/2021\\\/12\\\/canstockphoto6111450.jpg\",\"width\":800,\"height\":533},{\"@type\":\"BreadcrumbList\",\"@id\":\"http:\\\/\\\/chrismassage.ch\\\/index.php\\\/massage-aux-pierres-chaudes\\\/#breadcrumb\",\"itemListElement\":[{\"@type\":\"ListItem\",\"position\":1,\"name\":\"Home\",\"item\":\"https:\\\/\\\/chrismassage.ch\\\/\"},{\"@type\":\"ListItem\",\"position\":2,\"name\":\"Massage aux pierres chaudes\"}]},{\"@type\":\"WebSite\",\"@id\":\"https:\\\/\\\/chrismassage.ch\\\/#website\",\"url\":\"https:\\\/\\\/chrismassage.ch\\\/\",\"name\":\"Chris Massage\",\"description\":\"Il est temps de prendre soin de vous\",\"publisher\":{\"@id\":\"https:\\\/\\\/chrismassage.ch\\\/#\\\/schema\\\/person\\\/c02ee1a7c3f4876ad33eb11b401f6941\"},\"potentialAction\":[{\"@type\":\"SearchAction\",\"target\":{\"@type\":\"EntryPoint\",\"urlTemplate\":\"https:\\\/\\\/chrismassage.ch\\\/?s={search_term_string}\"},\"query-input\":{\"@type\":\"PropertyValueSpecification\",\"valueRequired\":true,\"valueName\":\"search_term_string\"}}],\"inLanguage\":\"fr-FR\"},{\"@type\":[\"Person\",\"Organization\"],\"@id\":\"https:\\\/\\\/chrismassage.ch\\\/#\\\/schema\\\/person\\\/c02ee1a7c3f4876ad33eb11b401f6941\",\"name\":\"admin\",\"image\":{\"@type\":\"ImageObject\",\"inLanguage\":\"fr-FR\",\"@id\":\"http:\\\/\\\/chrismassage.ch\\\/wp-content\\\/uploads\\\/2019\\\/01\\\/48902290_278212269511277_7092823204384735232_n-1.jpg\",\"url\":\"http:\\\/\\\/chrismassage.ch\\\/wp-content\\\/uploads\\\/2019\\\/01\\\/48902290_278212269511277_7092823204384735232_n-1.jpg\",\"contentUrl\":\"http:\\\/\\\/chrismassage.ch\\\/wp-content\\\/uploads\\\/2019\\\/01\\\/48902290_278212269511277_7092823204384735232_n-1.jpg\",\"width\":781,\"height\":960,\"caption\":\"admin\"},\"logo\":{\"@id\":\"http:\\\/\\\/chrismassage.ch\\\/wp-content\\\/uploads\\\/2019\\\/01\\\/48902290_278212269511277_7092823204384735232_n-1.jpg\"}}]}<\/script>\n<!-- \/ Yoast SEO plugin. -->","yoast_head_json":{"title":"Massage aux pierres chaudes - Chris Massage","robots":{"index":"index","follow":"follow","max-snippet":"max-snippet:-1","max-image-preview":"max-image-preview:large","max-video-preview":"max-video-preview:-1"},"canonical":"http:\/\/chrismassage.ch\/index.php\/massage-aux-pierres-chaudes\/","og_locale":"fr_FR","og_type":"article","og_title":"Massage aux pierres chaudes - Chris Massage","og_description":"Informations sur les pierres chaudes : Les pierres de basalte sont chauff\u00e9es \u00e0 temp\u00e9rature constante, puis enduites d\u2019huile de massage v\u00e9g\u00e9tal neutre ou avec des huiles essentielles.Les pierres sont ensuite dispos\u00e9es sur le corps \u00e0 des endroit bien pr\u00e9cis et gliss\u00e9es le long du corps, alternant les frictions et les simples effleurements, tout en modulant &hellip; Lire la suite","og_url":"http:\/\/chrismassage.ch\/index.php\/massage-aux-pierres-chaudes\/","og_site_name":"Chris Massage","article_modified_time":"2022-01-16T17:23:10+00:00","og_image":[{"url":"http:\/\/chrismassage.ch\/wp-content\/uploads\/2021\/12\/canstockphoto6111450.jpg","type":"","width":"","height":""}],"twitter_card":"summary_large_image","twitter_misc":{"Dur\u00e9e de lecture estim\u00e9e":"2 minutes"},"schema":{"@context":"https:\/\/schema.org","@graph":[{"@type":"WebPage","@id":"http:\/\/chrismassage.ch\/index.php\/massage-aux-pierres-chaudes\/","url":"http:\/\/chrismassage.ch\/index.php\/massage-aux-pierres-chaudes\/","name":"Massage aux pierres chaudes - Chris Massage","isPartOf":{"@id":"https:\/\/chrismassage.ch\/#website"},"primaryImageOfPage":{"@id":"http:\/\/chrismassage.ch\/index.php\/massage-aux-pierres-chaudes\/#primaryimage"},"image":{"@id":"http:\/\/chrismassage.ch\/index.php\/massage-aux-pierres-chaudes\/#primaryimage"},"thumbnailUrl":"http:\/\/chrismassage.ch\/wp-content\/uploads\/2021\/12\/canstockphoto6111450.jpg","datePublished":"2021-12-08T10:56:47+00:00","dateModified":"2022-01-16T17:23:10+00:00","breadcrumb":{"@id":"http:\/\/chrismassage.ch\/index.php\/massage-aux-pierres-chaudes\/#breadcrumb"},"inLanguage":"fr-FR","potentialAction":[{"@type":"ReadAction","target":["http:\/\/chrismassage.ch\/index.php\/massage-aux-pierres-chaudes\/"]}]},{"@type":"ImageObject","inLanguage":"fr-FR","@id":"http:\/\/chrismassage.ch\/index.php\/massage-aux-pierres-chaudes\/#primaryimage","url":"https:\/\/chrismassage.ch\/wp-content\/uploads\/2021\/12\/canstockphoto6111450.jpg","contentUrl":"https:\/\/chrismassage.ch\/wp-content\/uploads\/2021\/12\/canstockphoto6111450.jpg","width":800,"height":533},{"@type":"BreadcrumbList","@id":"http:\/\/chrismassage.ch\/index.php\/massage-aux-pierres-chaudes\/#breadcrumb","itemListElement":[{"@type":"ListItem","position":1,"name":"Home","item":"https:\/\/chrismassage.ch\/"},{"@type":"ListItem","position":2,"name":"Massage aux pierres chaudes"}]},{"@type":"WebSite","@id":"https:\/\/chrismassage.ch\/#website","url":"https:\/\/chrismassage.ch\/","name":"Chris Massage","description":"Il est temps de prendre soin de vous","publisher":{"@id":"https:\/\/chrismassage.ch\/#\/schema\/person\/c02ee1a7c3f4876ad33eb11b401f6941"},"potentialAction":[{"@type":"SearchAction","target":{"@type":"EntryPoint","urlTemplate":"https:\/\/chrismassage.ch\/?s={search_term_string}"},"query-input":{"@type":"PropertyValueSpecification","valueRequired":true,"valueName":"search_term_string"}}],"inLanguage":"fr-FR"},{"@type":["Person","Organization"],"@id":"https:\/\/chrismassage.ch\/#\/schema\/person\/c02ee1a7c3f4876ad33eb11b401f6941","name":"admin","image":{"@type":"ImageObject","inLanguage":"fr-FR","@id":"http:\/\/chrismassage.ch\/wp-content\/uploads\/2019\/01\/48902290_278212269511277_7092823204384735232_n-1.jpg","url":"http:\/\/chrismassage.ch\/wp-content\/uploads\/2019\/01\/48902290_278212269511277_7092823204384735232_n-1.jpg","contentUrl":"http:\/\/chrismassage.ch\/wp-content\/uploads\/2019\/01\/48902290_278212269511277_7092823204384735232_n-1.jpg","width":781,"height":960,"caption":"admin"},"logo":{"@id":"http:\/\/chrismassage.ch\/wp-content\/uploads\/2019\/01\/48902290_278212269511277_7092823204384735232_n-1.jpg"}}]}},"_links":{"self":[{"href":"https:\/\/chrismassage.ch\/index.php\/wp-json\/wp\/v2\/pages\/486","targetHints":{"allow":["GET"]}}],"collection":[{"href":"https:\/\/chrismassage.ch\/index.php\/wp-json\/wp\/v2\/pages"}],"about":[{"href":"https:\/\/chrismassage.ch\/index.php\/wp-json\/wp\/v2\/types\/page"}],"author":[{"embeddable":true,"href":"https:\/\/chrismassage.ch\/index.php\/wp-json\/wp\/v2\/users\/1"}],"replies":[{"embeddable":true,"href":"https:\/\/chrismassage.ch\/index.php\/wp-json\/wp\/v2\/comments?post=486"}],"version-history":[{"count":5,"href":"https:\/\/chrismassage.ch\/index.php\/wp-json\/wp\/v2\/pages\/486\/revisions"}],"predecessor-version":[{"id":515,"href":"https:\/\/chrismassage.ch\/index.php\/wp-json\/wp\/v2\/pages\/486\/revisions\/515"}],"wp:attachment":[{"href":"https:\/\/chrismassage.ch\/index.php\/wp-json\/wp\/v2\/media?parent=486"}],"curies":[{"name":"wp","href":"https:\/\/api.w.org\/{rel}","templated":true}]}}