{"id":359,"date":"2020-08-12T08:46:16","date_gmt":"2020-08-12T08:46:16","guid":{"rendered":"http:\/\/chrismassage.ch\/?page_id=359"},"modified":"2020-08-12T09:28:50","modified_gmt":"2020-08-12T09:28:50","slug":"methode-dorn","status":"publish","type":"page","link":"https:\/\/chrismassage.ch\/index.php\/methode-dorn\/","title":{"rendered":"M\u00e9thode Dorn"},"content":{"rendered":"\n<p>La m\u00e9thode Dorn est un traitement doux des vert\u00e8bres et des articulations.<br><br>Cette technique, \u00e0 \u00e9t\u00e9 mise au point par Dieter DORN, elle est utilis\u00e9e pour traiter les probl\u00e8mes qui sont directement ou indirectement en lien avec la colonne vert\u00e9brale.<br><br>Elle est particuli\u00e8rement recommand\u00e9e pour toutes les douleurs sciatiques ou dorsales aigu\u00ebs.<br>Cette technique d\u00e9bute toujours par le contr\u00f4le de la longueur des jambes.<br>On s&rsquo;assure que le bassin est droit et que la colonne et la nuque sont dans un alignement correct.<br><br>Si n\u00e9cessaire, j\u2019agis sur les articulations du bassin, des genoux et des chevilles ainsi que sur les vert\u00e8bres afin de redonner au corps un alignement anatomique optimal.<br><br>Cette m\u00e9thode est douce, il n&rsquo;y a pas de gestes brusques ou de craquements.<br><br>La s\u00e9ance 40 fr<\/p>\n","protected":false},"excerpt":{"rendered":"<p>La m\u00e9thode Dorn est un traitement doux des vert\u00e8bres et des articulations. Cette technique, \u00e0 \u00e9t\u00e9 mise au point par Dieter DORN, elle est utilis\u00e9e pour traiter les probl\u00e8mes qui sont directement ou indirectement en lien avec la colonne vert\u00e9brale. Elle est particuli\u00e8rement recommand\u00e9e pour toutes les douleurs sciatiques ou dorsales aigu\u00ebs.Cette technique d\u00e9bute toujours &hellip; <\/p>\n<p><a class=\"more-link btn\" href=\"https:\/\/chrismassage.ch\/index.php\/methode-dorn\/\">Lire la suite<\/a><\/p>\n","protected":false},"author":1,"featured_media":0,"parent":0,"menu_order":0,"comment_status":"closed","ping_status":"closed","template":"","meta":{"footnotes":""},"class_list":["post-359","page","type-page","status-publish","hentry","nodate","item-wrap"],"yoast_head":"<!-- This site is optimized with the Yoast SEO plugin v27.3 - https:\/\/yoast.com\/product\/yoast-seo-wordpress\/ -->\n<title>M\u00e9thode Dorn - Chris Massage<\/title>\n<meta name=\"robots\" content=\"index, follow, max-snippet:-1, max-image-preview:large, max-video-preview:-1\" \/>\n<link rel=\"canonical\" href=\"https:\/\/chrismassage.ch\/index.php\/methode-dorn\/\" \/>\n<meta property=\"og:locale\" content=\"fr_FR\" \/>\n<meta property=\"og:type\" content=\"article\" \/>\n<meta property=\"og:title\" content=\"M\u00e9thode Dorn - Chris Massage\" \/>\n<meta property=\"og:description\" content=\"La m\u00e9thode Dorn est un traitement doux des vert\u00e8bres et des articulations. Cette technique, \u00e0 \u00e9t\u00e9 mise au point par Dieter DORN, elle est utilis\u00e9e pour traiter les probl\u00e8mes qui sont directement ou indirectement en lien avec la colonne vert\u00e9brale. Elle est particuli\u00e8rement recommand\u00e9e pour toutes les douleurs sciatiques ou dorsales aigu\u00ebs.Cette technique d\u00e9bute toujours &hellip; Lire la suite\" \/>\n<meta property=\"og:url\" content=\"https:\/\/chrismassage.ch\/index.php\/methode-dorn\/\" \/>\n<meta property=\"og:site_name\" content=\"Chris Massage\" \/>\n<meta property=\"article:modified_time\" content=\"2020-08-12T09:28:50+00:00\" \/>\n<meta name=\"twitter:card\" content=\"summary_large_image\" \/>\n<meta name=\"twitter:label1\" content=\"Dur\u00e9e de lecture estim\u00e9e\" \/>\n\t<meta name=\"twitter:data1\" content=\"1 minute\" \/>\n<script type=\"application\/ld+json\" class=\"yoast-schema-graph\">{\"@context\":\"https:\\\/\\\/schema.org\",\"@graph\":[{\"@type\":\"WebPage\",\"@id\":\"https:\\\/\\\/chrismassage.ch\\\/index.php\\\/methode-dorn\\\/\",\"url\":\"https:\\\/\\\/chrismassage.ch\\\/index.php\\\/methode-dorn\\\/\",\"name\":\"M\u00e9thode Dorn - Chris Massage\",\"isPartOf\":{\"@id\":\"https:\\\/\\\/chrismassage.ch\\\/#website\"},\"datePublished\":\"2020-08-12T08:46:16+00:00\",\"dateModified\":\"2020-08-12T09:28:50+00:00\",\"breadcrumb\":{\"@id\":\"https:\\\/\\\/chrismassage.ch\\\/index.php\\\/methode-dorn\\\/#breadcrumb\"},\"inLanguage\":\"fr-FR\",\"potentialAction\":[{\"@type\":\"ReadAction\",\"target\":[\"https:\\\/\\\/chrismassage.ch\\\/index.php\\\/methode-dorn\\\/\"]}]},{\"@type\":\"BreadcrumbList\",\"@id\":\"https:\\\/\\\/chrismassage.ch\\\/index.php\\\/methode-dorn\\\/#breadcrumb\",\"itemListElement\":[{\"@type\":\"ListItem\",\"position\":1,\"name\":\"Home\",\"item\":\"https:\\\/\\\/chrismassage.ch\\\/\"},{\"@type\":\"ListItem\",\"position\":2,\"name\":\"M\u00e9thode Dorn\"}]},{\"@type\":\"WebSite\",\"@id\":\"https:\\\/\\\/chrismassage.ch\\\/#website\",\"url\":\"https:\\\/\\\/chrismassage.ch\\\/\",\"name\":\"Chris Massage\",\"description\":\"Il est temps de prendre soin de vous\",\"publisher\":{\"@id\":\"https:\\\/\\\/chrismassage.ch\\\/#\\\/schema\\\/person\\\/c02ee1a7c3f4876ad33eb11b401f6941\"},\"potentialAction\":[{\"@type\":\"SearchAction\",\"target\":{\"@type\":\"EntryPoint\",\"urlTemplate\":\"https:\\\/\\\/chrismassage.ch\\\/?s={search_term_string}\"},\"query-input\":{\"@type\":\"PropertyValueSpecification\",\"valueRequired\":true,\"valueName\":\"search_term_string\"}}],\"inLanguage\":\"fr-FR\"},{\"@type\":[\"Person\",\"Organization\"],\"@id\":\"https:\\\/\\\/chrismassage.ch\\\/#\\\/schema\\\/person\\\/c02ee1a7c3f4876ad33eb11b401f6941\",\"name\":\"admin\",\"image\":{\"@type\":\"ImageObject\",\"inLanguage\":\"fr-FR\",\"@id\":\"http:\\\/\\\/chrismassage.ch\\\/wp-content\\\/uploads\\\/2019\\\/01\\\/48902290_278212269511277_7092823204384735232_n-1.jpg\",\"url\":\"http:\\\/\\\/chrismassage.ch\\\/wp-content\\\/uploads\\\/2019\\\/01\\\/48902290_278212269511277_7092823204384735232_n-1.jpg\",\"contentUrl\":\"http:\\\/\\\/chrismassage.ch\\\/wp-content\\\/uploads\\\/2019\\\/01\\\/48902290_278212269511277_7092823204384735232_n-1.jpg\",\"width\":781,\"height\":960,\"caption\":\"admin\"},\"logo\":{\"@id\":\"http:\\\/\\\/chrismassage.ch\\\/wp-content\\\/uploads\\\/2019\\\/01\\\/48902290_278212269511277_7092823204384735232_n-1.jpg\"}}]}<\/script>\n<!-- \/ Yoast SEO plugin. -->","yoast_head_json":{"title":"M\u00e9thode Dorn - Chris Massage","robots":{"index":"index","follow":"follow","max-snippet":"max-snippet:-1","max-image-preview":"max-image-preview:large","max-video-preview":"max-video-preview:-1"},"canonical":"https:\/\/chrismassage.ch\/index.php\/methode-dorn\/","og_locale":"fr_FR","og_type":"article","og_title":"M\u00e9thode Dorn - Chris Massage","og_description":"La m\u00e9thode Dorn est un traitement doux des vert\u00e8bres et des articulations. Cette technique, \u00e0 \u00e9t\u00e9 mise au point par Dieter DORN, elle est utilis\u00e9e pour traiter les probl\u00e8mes qui sont directement ou indirectement en lien avec la colonne vert\u00e9brale. Elle est particuli\u00e8rement recommand\u00e9e pour toutes les douleurs sciatiques ou dorsales aigu\u00ebs.Cette technique d\u00e9bute toujours &hellip; Lire la suite","og_url":"https:\/\/chrismassage.ch\/index.php\/methode-dorn\/","og_site_name":"Chris Massage","article_modified_time":"2020-08-12T09:28:50+00:00","twitter_card":"summary_large_image","twitter_misc":{"Dur\u00e9e de lecture estim\u00e9e":"1 minute"},"schema":{"@context":"https:\/\/schema.org","@graph":[{"@type":"WebPage","@id":"https:\/\/chrismassage.ch\/index.php\/methode-dorn\/","url":"https:\/\/chrismassage.ch\/index.php\/methode-dorn\/","name":"M\u00e9thode Dorn - Chris Massage","isPartOf":{"@id":"https:\/\/chrismassage.ch\/#website"},"datePublished":"2020-08-12T08:46:16+00:00","dateModified":"2020-08-12T09:28:50+00:00","breadcrumb":{"@id":"https:\/\/chrismassage.ch\/index.php\/methode-dorn\/#breadcrumb"},"inLanguage":"fr-FR","potentialAction":[{"@type":"ReadAction","target":["https:\/\/chrismassage.ch\/index.php\/methode-dorn\/"]}]},{"@type":"BreadcrumbList","@id":"https:\/\/chrismassage.ch\/index.php\/methode-dorn\/#breadcrumb","itemListElement":[{"@type":"ListItem","position":1,"name":"Home","item":"https:\/\/chrismassage.ch\/"},{"@type":"ListItem","position":2,"name":"M\u00e9thode Dorn"}]},{"@type":"WebSite","@id":"https:\/\/chrismassage.ch\/#website","url":"https:\/\/chrismassage.ch\/","name":"Chris Massage","description":"Il est temps de prendre soin de vous","publisher":{"@id":"https:\/\/chrismassage.ch\/#\/schema\/person\/c02ee1a7c3f4876ad33eb11b401f6941"},"potentialAction":[{"@type":"SearchAction","target":{"@type":"EntryPoint","urlTemplate":"https:\/\/chrismassage.ch\/?s={search_term_string}"},"query-input":{"@type":"PropertyValueSpecification","valueRequired":true,"valueName":"search_term_string"}}],"inLanguage":"fr-FR"},{"@type":["Person","Organization"],"@id":"https:\/\/chrismassage.ch\/#\/schema\/person\/c02ee1a7c3f4876ad33eb11b401f6941","name":"admin","image":{"@type":"ImageObject","inLanguage":"fr-FR","@id":"http:\/\/chrismassage.ch\/wp-content\/uploads\/2019\/01\/48902290_278212269511277_7092823204384735232_n-1.jpg","url":"http:\/\/chrismassage.ch\/wp-content\/uploads\/2019\/01\/48902290_278212269511277_7092823204384735232_n-1.jpg","contentUrl":"http:\/\/chrismassage.ch\/wp-content\/uploads\/2019\/01\/48902290_278212269511277_7092823204384735232_n-1.jpg","width":781,"height":960,"caption":"admin"},"logo":{"@id":"http:\/\/chrismassage.ch\/wp-content\/uploads\/2019\/01\/48902290_278212269511277_7092823204384735232_n-1.jpg"}}]}},"_links":{"self":[{"href":"https:\/\/chrismassage.ch\/index.php\/wp-json\/wp\/v2\/pages\/359","targetHints":{"allow":["GET"]}}],"collection":[{"href":"https:\/\/chrismassage.ch\/index.php\/wp-json\/wp\/v2\/pages"}],"about":[{"href":"https:\/\/chrismassage.ch\/index.php\/wp-json\/wp\/v2\/types\/page"}],"author":[{"embeddable":true,"href":"https:\/\/chrismassage.ch\/index.php\/wp-json\/wp\/v2\/users\/1"}],"replies":[{"embeddable":true,"href":"https:\/\/chrismassage.ch\/index.php\/wp-json\/wp\/v2\/comments?post=359"}],"version-history":[{"count":2,"href":"https:\/\/chrismassage.ch\/index.php\/wp-json\/wp\/v2\/pages\/359\/revisions"}],"predecessor-version":[{"id":368,"href":"https:\/\/chrismassage.ch\/index.php\/wp-json\/wp\/v2\/pages\/359\/revisions\/368"}],"wp:attachment":[{"href":"https:\/\/chrismassage.ch\/index.php\/wp-json\/wp\/v2\/media?parent=359"}],"curies":[{"name":"wp","href":"https:\/\/api.w.org\/{rel}","templated":true}]}}