{"id":261,"date":"2019-12-16T19:46:02","date_gmt":"2019-12-16T19:46:02","guid":{"rendered":"http:\/\/chrismassage.ch\/?page_id=261"},"modified":"2022-12-05T10:25:05","modified_gmt":"2022-12-05T10:25:05","slug":"massage-a-la-bougie","status":"publish","type":"page","link":"https:\/\/chrismassage.ch\/index.php\/massage-a-la-bougie\/","title":{"rendered":"Massage \u00e0 la bougie"},"content":{"rendered":"\n<p>Massage \u00e0 la bougie faite maison<\/p>\n\n\n\n<p>Je vous propose un pur moment de douceur et de d\u00e9tente.<br>Le massage \u00e0 la bougie est un \u00e9merveillement pour les sens.<br>Le parfum d\u00e9licieusement envo\u00fbtant invite au l\u00e2cher-prise et au voyage<br>La texture onctueuse de la cire chaude enveloppe et d\u00e9tend le corps<br>nourrit et prot\u00e8ge la peau. <br>La flamme apaise l&rsquo;esprit <br>Soin cocooning par excellence, appr\u00e9ci\u00e9 en p\u00e9riode hivernale.  <\/p>\n\n\n\n<p>Je pratique ce massage avec une bougie \u00e0 la cire de soja.<br>Garantissant ainsi une temp\u00e9rature id\u00e9ale<br>Je fabrique mes bougies de massages,  avec des ingr\u00e9dients de qualit\u00e9s et bio<br><strong>Ingr\u00e9dients:<\/strong><br>Cire de soja<br>Beurre de karit\u00e9 <br>Huile v\u00e9g\u00e9tale macadamia et d&rsquo;argan<br>Huile essentielle de lavande  <\/p>\n\n\n\n<p><a href=\"http:\/\/chrismassage.ch\/index.php\/liste-de-prix-2\/\">Liste de prix<\/a><\/p>\n\n\n\n<p><\/p>\n\n\n\n<figure class=\"wp-block-image size-large is-resized is-style-rounded\"><img loading=\"lazy\" decoding=\"async\" src=\"http:\/\/chrismassage.ch\/wp-content\/uploads\/2020\/12\/canstockphoto29697399-1.jpg\" alt=\"\" class=\"wp-image-416\" width=\"485\" height=\"322\" srcset=\"https:\/\/chrismassage.ch\/wp-content\/uploads\/2020\/12\/canstockphoto29697399-1.jpg 800w, https:\/\/chrismassage.ch\/wp-content\/uploads\/2020\/12\/canstockphoto29697399-1-300x200.jpg 300w, https:\/\/chrismassage.ch\/wp-content\/uploads\/2020\/12\/canstockphoto29697399-1-768x512.jpg 768w, https:\/\/chrismassage.ch\/wp-content\/uploads\/2020\/12\/canstockphoto29697399-1-750x500.jpg 750w\" sizes=\"auto, (max-width: 485px) 100vw, 485px\" \/><\/figure>\n","protected":false},"excerpt":{"rendered":"<p>Massage \u00e0 la bougie faite maison Je vous propose un pur moment de douceur et de d\u00e9tente.Le massage \u00e0 la bougie est un \u00e9merveillement pour les sens.Le parfum d\u00e9licieusement envo\u00fbtant invite au l\u00e2cher-prise et au voyageLa texture onctueuse de la cire chaude enveloppe et d\u00e9tend le corpsnourrit et prot\u00e8ge la peau. La flamme apaise l&rsquo;esprit &hellip; <\/p>\n<p><a class=\"more-link btn\" href=\"https:\/\/chrismassage.ch\/index.php\/massage-a-la-bougie\/\">Lire la suite<\/a><\/p>\n","protected":false},"author":1,"featured_media":0,"parent":0,"menu_order":0,"comment_status":"closed","ping_status":"closed","template":"","meta":{"footnotes":""},"class_list":["post-261","page","type-page","status-publish","hentry","nodate","item-wrap"],"yoast_head":"<!-- This site is optimized with the Yoast SEO plugin v27.6 - https:\/\/yoast.com\/product\/yoast-seo-wordpress\/ -->\n<title>Massage \u00e0 la bougie - Chris Massage<\/title>\n<meta name=\"robots\" content=\"index, follow, max-snippet:-1, max-image-preview:large, max-video-preview:-1\" \/>\n<link rel=\"canonical\" href=\"https:\/\/chrismassage.ch\/index.php\/massage-a-la-bougie\/\" \/>\n<meta property=\"og:locale\" content=\"fr_FR\" \/>\n<meta property=\"og:type\" content=\"article\" \/>\n<meta property=\"og:title\" content=\"Massage \u00e0 la bougie - Chris Massage\" \/>\n<meta property=\"og:description\" content=\"Massage \u00e0 la bougie faite maison Je vous propose un pur moment de douceur et de d\u00e9tente.Le massage \u00e0 la bougie est un \u00e9merveillement pour les sens.Le parfum d\u00e9licieusement envo\u00fbtant invite au l\u00e2cher-prise et au voyageLa texture onctueuse de la cire chaude enveloppe et d\u00e9tend le corpsnourrit et prot\u00e8ge la peau. La flamme apaise l&rsquo;esprit &hellip; Lire la suite\" \/>\n<meta property=\"og:url\" content=\"https:\/\/chrismassage.ch\/index.php\/massage-a-la-bougie\/\" \/>\n<meta property=\"og:site_name\" content=\"Chris Massage\" \/>\n<meta property=\"article:modified_time\" content=\"2022-12-05T10:25:05+00:00\" \/>\n<meta property=\"og:image\" content=\"http:\/\/chrismassage.ch\/wp-content\/uploads\/2020\/12\/canstockphoto29697399-1.jpg\" \/>\n<meta name=\"twitter:card\" content=\"summary_large_image\" \/>\n<meta name=\"twitter:label1\" content=\"Dur\u00e9e de lecture estim\u00e9e\" \/>\n\t<meta name=\"twitter:data1\" content=\"1 minute\" \/>\n<script type=\"application\/ld+json\" class=\"yoast-schema-graph\">{\"@context\":\"https:\\\/\\\/schema.org\",\"@graph\":[{\"@type\":\"WebPage\",\"@id\":\"https:\\\/\\\/chrismassage.ch\\\/index.php\\\/massage-a-la-bougie\\\/\",\"url\":\"https:\\\/\\\/chrismassage.ch\\\/index.php\\\/massage-a-la-bougie\\\/\",\"name\":\"Massage \u00e0 la bougie - Chris Massage\",\"isPartOf\":{\"@id\":\"http:\\\/\\\/chrismassage.ch\\\/#website\"},\"primaryImageOfPage\":{\"@id\":\"https:\\\/\\\/chrismassage.ch\\\/index.php\\\/massage-a-la-bougie\\\/#primaryimage\"},\"image\":{\"@id\":\"https:\\\/\\\/chrismassage.ch\\\/index.php\\\/massage-a-la-bougie\\\/#primaryimage\"},\"thumbnailUrl\":\"http:\\\/\\\/chrismassage.ch\\\/wp-content\\\/uploads\\\/2020\\\/12\\\/canstockphoto29697399-1.jpg\",\"datePublished\":\"2019-12-16T19:46:02+00:00\",\"dateModified\":\"2022-12-05T10:25:05+00:00\",\"breadcrumb\":{\"@id\":\"https:\\\/\\\/chrismassage.ch\\\/index.php\\\/massage-a-la-bougie\\\/#breadcrumb\"},\"inLanguage\":\"fr-FR\",\"potentialAction\":[{\"@type\":\"ReadAction\",\"target\":[\"https:\\\/\\\/chrismassage.ch\\\/index.php\\\/massage-a-la-bougie\\\/\"]}]},{\"@type\":\"ImageObject\",\"inLanguage\":\"fr-FR\",\"@id\":\"https:\\\/\\\/chrismassage.ch\\\/index.php\\\/massage-a-la-bougie\\\/#primaryimage\",\"url\":\"https:\\\/\\\/chrismassage.ch\\\/wp-content\\\/uploads\\\/2020\\\/12\\\/canstockphoto29697399-1.jpg\",\"contentUrl\":\"https:\\\/\\\/chrismassage.ch\\\/wp-content\\\/uploads\\\/2020\\\/12\\\/canstockphoto29697399-1.jpg\",\"width\":800,\"height\":533},{\"@type\":\"BreadcrumbList\",\"@id\":\"https:\\\/\\\/chrismassage.ch\\\/index.php\\\/massage-a-la-bougie\\\/#breadcrumb\",\"itemListElement\":[{\"@type\":\"ListItem\",\"position\":1,\"name\":\"Home\",\"item\":\"http:\\\/\\\/chrismassage.ch\\\/\"},{\"@type\":\"ListItem\",\"position\":2,\"name\":\"Massage \u00e0 la bougie\"}]},{\"@type\":\"WebSite\",\"@id\":\"http:\\\/\\\/chrismassage.ch\\\/#website\",\"url\":\"http:\\\/\\\/chrismassage.ch\\\/\",\"name\":\"Chris Massage\",\"description\":\"Il est temps de prendre soin de vous\",\"publisher\":{\"@id\":\"http:\\\/\\\/chrismassage.ch\\\/#\\\/schema\\\/person\\\/c02ee1a7c3f4876ad33eb11b401f6941\"},\"potentialAction\":[{\"@type\":\"SearchAction\",\"target\":{\"@type\":\"EntryPoint\",\"urlTemplate\":\"http:\\\/\\\/chrismassage.ch\\\/?s={search_term_string}\"},\"query-input\":{\"@type\":\"PropertyValueSpecification\",\"valueRequired\":true,\"valueName\":\"search_term_string\"}}],\"inLanguage\":\"fr-FR\"},{\"@type\":[\"Person\",\"Organization\"],\"@id\":\"http:\\\/\\\/chrismassage.ch\\\/#\\\/schema\\\/person\\\/c02ee1a7c3f4876ad33eb11b401f6941\",\"name\":\"admin\",\"image\":{\"@type\":\"ImageObject\",\"inLanguage\":\"fr-FR\",\"@id\":\"http:\\\/\\\/chrismassage.ch\\\/wp-content\\\/uploads\\\/2019\\\/01\\\/48902290_278212269511277_7092823204384735232_n-1.jpg\",\"url\":\"http:\\\/\\\/chrismassage.ch\\\/wp-content\\\/uploads\\\/2019\\\/01\\\/48902290_278212269511277_7092823204384735232_n-1.jpg\",\"contentUrl\":\"http:\\\/\\\/chrismassage.ch\\\/wp-content\\\/uploads\\\/2019\\\/01\\\/48902290_278212269511277_7092823204384735232_n-1.jpg\",\"width\":781,\"height\":960,\"caption\":\"admin\"},\"logo\":{\"@id\":\"http:\\\/\\\/chrismassage.ch\\\/wp-content\\\/uploads\\\/2019\\\/01\\\/48902290_278212269511277_7092823204384735232_n-1.jpg\"}}]}<\/script>\n<!-- \/ Yoast SEO plugin. -->","yoast_head_json":{"title":"Massage \u00e0 la bougie - Chris Massage","robots":{"index":"index","follow":"follow","max-snippet":"max-snippet:-1","max-image-preview":"max-image-preview:large","max-video-preview":"max-video-preview:-1"},"canonical":"https:\/\/chrismassage.ch\/index.php\/massage-a-la-bougie\/","og_locale":"fr_FR","og_type":"article","og_title":"Massage \u00e0 la bougie - Chris Massage","og_description":"Massage \u00e0 la bougie faite maison Je vous propose un pur moment de douceur et de d\u00e9tente.Le massage \u00e0 la bougie est un \u00e9merveillement pour les sens.Le parfum d\u00e9licieusement envo\u00fbtant invite au l\u00e2cher-prise et au voyageLa texture onctueuse de la cire chaude enveloppe et d\u00e9tend le corpsnourrit et prot\u00e8ge la peau. La flamme apaise l&rsquo;esprit &hellip; Lire la suite","og_url":"https:\/\/chrismassage.ch\/index.php\/massage-a-la-bougie\/","og_site_name":"Chris Massage","article_modified_time":"2022-12-05T10:25:05+00:00","og_image":[{"url":"http:\/\/chrismassage.ch\/wp-content\/uploads\/2020\/12\/canstockphoto29697399-1.jpg","type":"","width":"","height":""}],"twitter_card":"summary_large_image","twitter_misc":{"Dur\u00e9e de lecture estim\u00e9e":"1 minute"},"schema":{"@context":"https:\/\/schema.org","@graph":[{"@type":"WebPage","@id":"https:\/\/chrismassage.ch\/index.php\/massage-a-la-bougie\/","url":"https:\/\/chrismassage.ch\/index.php\/massage-a-la-bougie\/","name":"Massage \u00e0 la bougie - Chris Massage","isPartOf":{"@id":"http:\/\/chrismassage.ch\/#website"},"primaryImageOfPage":{"@id":"https:\/\/chrismassage.ch\/index.php\/massage-a-la-bougie\/#primaryimage"},"image":{"@id":"https:\/\/chrismassage.ch\/index.php\/massage-a-la-bougie\/#primaryimage"},"thumbnailUrl":"http:\/\/chrismassage.ch\/wp-content\/uploads\/2020\/12\/canstockphoto29697399-1.jpg","datePublished":"2019-12-16T19:46:02+00:00","dateModified":"2022-12-05T10:25:05+00:00","breadcrumb":{"@id":"https:\/\/chrismassage.ch\/index.php\/massage-a-la-bougie\/#breadcrumb"},"inLanguage":"fr-FR","potentialAction":[{"@type":"ReadAction","target":["https:\/\/chrismassage.ch\/index.php\/massage-a-la-bougie\/"]}]},{"@type":"ImageObject","inLanguage":"fr-FR","@id":"https:\/\/chrismassage.ch\/index.php\/massage-a-la-bougie\/#primaryimage","url":"https:\/\/chrismassage.ch\/wp-content\/uploads\/2020\/12\/canstockphoto29697399-1.jpg","contentUrl":"https:\/\/chrismassage.ch\/wp-content\/uploads\/2020\/12\/canstockphoto29697399-1.jpg","width":800,"height":533},{"@type":"BreadcrumbList","@id":"https:\/\/chrismassage.ch\/index.php\/massage-a-la-bougie\/#breadcrumb","itemListElement":[{"@type":"ListItem","position":1,"name":"Home","item":"http:\/\/chrismassage.ch\/"},{"@type":"ListItem","position":2,"name":"Massage \u00e0 la bougie"}]},{"@type":"WebSite","@id":"http:\/\/chrismassage.ch\/#website","url":"http:\/\/chrismassage.ch\/","name":"Chris Massage","description":"Il est temps de prendre soin de vous","publisher":{"@id":"http:\/\/chrismassage.ch\/#\/schema\/person\/c02ee1a7c3f4876ad33eb11b401f6941"},"potentialAction":[{"@type":"SearchAction","target":{"@type":"EntryPoint","urlTemplate":"http:\/\/chrismassage.ch\/?s={search_term_string}"},"query-input":{"@type":"PropertyValueSpecification","valueRequired":true,"valueName":"search_term_string"}}],"inLanguage":"fr-FR"},{"@type":["Person","Organization"],"@id":"http:\/\/chrismassage.ch\/#\/schema\/person\/c02ee1a7c3f4876ad33eb11b401f6941","name":"admin","image":{"@type":"ImageObject","inLanguage":"fr-FR","@id":"http:\/\/chrismassage.ch\/wp-content\/uploads\/2019\/01\/48902290_278212269511277_7092823204384735232_n-1.jpg","url":"http:\/\/chrismassage.ch\/wp-content\/uploads\/2019\/01\/48902290_278212269511277_7092823204384735232_n-1.jpg","contentUrl":"http:\/\/chrismassage.ch\/wp-content\/uploads\/2019\/01\/48902290_278212269511277_7092823204384735232_n-1.jpg","width":781,"height":960,"caption":"admin"},"logo":{"@id":"http:\/\/chrismassage.ch\/wp-content\/uploads\/2019\/01\/48902290_278212269511277_7092823204384735232_n-1.jpg"}}]}},"_links":{"self":[{"href":"https:\/\/chrismassage.ch\/index.php\/wp-json\/wp\/v2\/pages\/261","targetHints":{"allow":["GET"]}}],"collection":[{"href":"https:\/\/chrismassage.ch\/index.php\/wp-json\/wp\/v2\/pages"}],"about":[{"href":"https:\/\/chrismassage.ch\/index.php\/wp-json\/wp\/v2\/types\/page"}],"author":[{"embeddable":true,"href":"https:\/\/chrismassage.ch\/index.php\/wp-json\/wp\/v2\/users\/1"}],"replies":[{"embeddable":true,"href":"https:\/\/chrismassage.ch\/index.php\/wp-json\/wp\/v2\/comments?post=261"}],"version-history":[{"count":4,"href":"https:\/\/chrismassage.ch\/index.php\/wp-json\/wp\/v2\/pages\/261\/revisions"}],"predecessor-version":[{"id":584,"href":"https:\/\/chrismassage.ch\/index.php\/wp-json\/wp\/v2\/pages\/261\/revisions\/584"}],"wp:attachment":[{"href":"https:\/\/chrismassage.ch\/index.php\/wp-json\/wp\/v2\/media?parent=261"}],"curies":[{"name":"wp","href":"https:\/\/api.w.org\/{rel}","templated":true}]}}