{"id":18,"date":"2019-01-11T10:00:04","date_gmt":"2019-01-11T10:00:04","guid":{"rendered":"http:\/\/chrismassage.ch\/?page_id=18"},"modified":"2024-04-02T16:48:27","modified_gmt":"2024-04-02T16:48:27","slug":"massage-du-visage","status":"publish","type":"page","link":"https:\/\/chrismassage.ch\/index.php\/massage-du-visage\/","title":{"rendered":"Massage du visage"},"content":{"rendered":"\n<p>Le massage du visage est anti-stress et un anti-\u00e2ge performant<\/p>\n\n\n\n<p>Je vous propose un massage du visage complet, ce qui permet de vous d\u00e9tendre et d&rsquo;oublier pour un instant les soucis du quotidien<\/p>\n\n\n\n<p>Le massage du visage inclut aussi le massage des \u00e9paules, de la nuque, du cou, du cuir chevelu<br><br><strong>Massage relaxant du visage avec huile v\u00e9g\u00e9tal d&rsquo;abricot et huiles essentielles de lavande et de  l&rsquo;Ylang Ylang bio<\/strong><br>20 minutes &#8211; 25 frs<br>30 minutes &#8211; 35 frs<br><strong><br>Massage du visage, \u00e0 l&rsquo;huile d&rsquo;Argan et d&rsquo;huile essentielle de rose de Damas. <\/strong><br>La rose de Damas est une huile essentielle envo\u00fbtante, harmonise les \u00e9motions Elle est anti-rides, anti-\u00e2ge et r\u00e9g\u00e9n\u00e9rante.<br>L&rsquo;huile d&rsquo;Argan, tonifie et assoupli, elle redonne l&rsquo;\u00e9lasticit\u00e9 et souplesse \u00e0 la peau<br>Extr\u00eamement nourrissante et r\u00e9paratrice, elle aide \u00e0 r\u00e9g\u00e9n\u00e9rer le film hydrolipidique cutan\u00e9 Protectrice cutan\u00e9e, elle limite les effets des agressions ext\u00e9rieures, ( froid, vent\u2026)<\/p>\n\n\n\n<p><br>25 minutes &#8211; 50 frs<\/p>\n\n\n\n<figure class=\"wp-block-image is-resized is-style-default\"><img loading=\"lazy\" decoding=\"async\" width=\"1024\" height=\"682\" src=\"http:\/\/chrismassage.ch\/wp-content\/uploads\/2019\/01\/massage-1929064_1280-1024x682.jpg\" alt=\"\" class=\"wp-image-117\" style=\"width:300px;height:200px\" srcset=\"https:\/\/chrismassage.ch\/wp-content\/uploads\/2019\/01\/massage-1929064_1280-1024x682.jpg 1024w, https:\/\/chrismassage.ch\/wp-content\/uploads\/2019\/01\/massage-1929064_1280-300x200.jpg 300w, https:\/\/chrismassage.ch\/wp-content\/uploads\/2019\/01\/massage-1929064_1280-768x512.jpg 768w, https:\/\/chrismassage.ch\/wp-content\/uploads\/2019\/01\/massage-1929064_1280.jpg 1280w\" sizes=\"auto, (max-width: 1024px) 100vw, 1024px\" \/><\/figure>\n","protected":false},"excerpt":{"rendered":"<p>Le massage du visage est anti-stress et un anti-\u00e2ge performant Je vous propose un massage du visage complet, ce qui permet de vous d\u00e9tendre et d&rsquo;oublier pour un instant les soucis du quotidien Le massage du visage inclut aussi le massage des \u00e9paules, de la nuque, du cou, du cuir chevelu Massage relaxant du visage &hellip; <\/p>\n<p><a class=\"more-link btn\" href=\"https:\/\/chrismassage.ch\/index.php\/massage-du-visage\/\">Lire la suite<\/a><\/p>\n","protected":false},"author":1,"featured_media":0,"parent":0,"menu_order":0,"comment_status":"closed","ping_status":"closed","template":"","meta":{"footnotes":""},"class_list":["post-18","page","type-page","status-publish","hentry","nodate","item-wrap"],"yoast_head":"<!-- This site is optimized with the Yoast SEO plugin v27.4 - https:\/\/yoast.com\/product\/yoast-seo-wordpress\/ -->\n<title>Massage du visage - Chris Massage<\/title>\n<meta name=\"robots\" content=\"index, follow, max-snippet:-1, max-image-preview:large, max-video-preview:-1\" \/>\n<link rel=\"canonical\" href=\"http:\/\/chrismassage.ch\/index.php\/massage-du-visage\/\" \/>\n<meta property=\"og:locale\" content=\"fr_FR\" \/>\n<meta property=\"og:type\" content=\"article\" \/>\n<meta property=\"og:title\" content=\"Massage du visage - Chris Massage\" \/>\n<meta property=\"og:description\" content=\"Le massage du visage est anti-stress et un anti-\u00e2ge performant Je vous propose un massage du visage complet, ce qui permet de vous d\u00e9tendre et d&rsquo;oublier pour un instant les soucis du quotidien Le massage du visage inclut aussi le massage des \u00e9paules, de la nuque, du cou, du cuir chevelu Massage relaxant du visage &hellip; Lire la suite\" \/>\n<meta property=\"og:url\" content=\"http:\/\/chrismassage.ch\/index.php\/massage-du-visage\/\" \/>\n<meta property=\"og:site_name\" content=\"Chris Massage\" \/>\n<meta property=\"article:modified_time\" content=\"2024-04-02T16:48:27+00:00\" \/>\n<meta property=\"og:image\" content=\"http:\/\/chrismassage.ch\/wp-content\/uploads\/2019\/01\/massage-1929064_1280-1024x682.jpg\" \/>\n<meta name=\"twitter:card\" content=\"summary_large_image\" \/>\n<meta name=\"twitter:label1\" content=\"Dur\u00e9e de lecture estim\u00e9e\" \/>\n\t<meta name=\"twitter:data1\" content=\"1 minute\" \/>\n<script type=\"application\/ld+json\" class=\"yoast-schema-graph\">{\"@context\":\"https:\\\/\\\/schema.org\",\"@graph\":[{\"@type\":\"WebPage\",\"@id\":\"http:\\\/\\\/chrismassage.ch\\\/index.php\\\/massage-du-visage\\\/\",\"url\":\"http:\\\/\\\/chrismassage.ch\\\/index.php\\\/massage-du-visage\\\/\",\"name\":\"Massage du visage - Chris Massage\",\"isPartOf\":{\"@id\":\"https:\\\/\\\/chrismassage.ch\\\/#website\"},\"primaryImageOfPage\":{\"@id\":\"http:\\\/\\\/chrismassage.ch\\\/index.php\\\/massage-du-visage\\\/#primaryimage\"},\"image\":{\"@id\":\"http:\\\/\\\/chrismassage.ch\\\/index.php\\\/massage-du-visage\\\/#primaryimage\"},\"thumbnailUrl\":\"http:\\\/\\\/chrismassage.ch\\\/wp-content\\\/uploads\\\/2019\\\/01\\\/massage-1929064_1280-1024x682.jpg\",\"datePublished\":\"2019-01-11T10:00:04+00:00\",\"dateModified\":\"2024-04-02T16:48:27+00:00\",\"breadcrumb\":{\"@id\":\"http:\\\/\\\/chrismassage.ch\\\/index.php\\\/massage-du-visage\\\/#breadcrumb\"},\"inLanguage\":\"fr-FR\",\"potentialAction\":[{\"@type\":\"ReadAction\",\"target\":[\"http:\\\/\\\/chrismassage.ch\\\/index.php\\\/massage-du-visage\\\/\"]}]},{\"@type\":\"ImageObject\",\"inLanguage\":\"fr-FR\",\"@id\":\"http:\\\/\\\/chrismassage.ch\\\/index.php\\\/massage-du-visage\\\/#primaryimage\",\"url\":\"https:\\\/\\\/chrismassage.ch\\\/wp-content\\\/uploads\\\/2019\\\/01\\\/massage-1929064_1280.jpg\",\"contentUrl\":\"https:\\\/\\\/chrismassage.ch\\\/wp-content\\\/uploads\\\/2019\\\/01\\\/massage-1929064_1280.jpg\",\"width\":1280,\"height\":853},{\"@type\":\"BreadcrumbList\",\"@id\":\"http:\\\/\\\/chrismassage.ch\\\/index.php\\\/massage-du-visage\\\/#breadcrumb\",\"itemListElement\":[{\"@type\":\"ListItem\",\"position\":1,\"name\":\"Home\",\"item\":\"https:\\\/\\\/chrismassage.ch\\\/\"},{\"@type\":\"ListItem\",\"position\":2,\"name\":\"Massage du visage\"}]},{\"@type\":\"WebSite\",\"@id\":\"https:\\\/\\\/chrismassage.ch\\\/#website\",\"url\":\"https:\\\/\\\/chrismassage.ch\\\/\",\"name\":\"Chris Massage\",\"description\":\"Il est temps de prendre soin de vous\",\"publisher\":{\"@id\":\"https:\\\/\\\/chrismassage.ch\\\/#\\\/schema\\\/person\\\/c02ee1a7c3f4876ad33eb11b401f6941\"},\"potentialAction\":[{\"@type\":\"SearchAction\",\"target\":{\"@type\":\"EntryPoint\",\"urlTemplate\":\"https:\\\/\\\/chrismassage.ch\\\/?s={search_term_string}\"},\"query-input\":{\"@type\":\"PropertyValueSpecification\",\"valueRequired\":true,\"valueName\":\"search_term_string\"}}],\"inLanguage\":\"fr-FR\"},{\"@type\":[\"Person\",\"Organization\"],\"@id\":\"https:\\\/\\\/chrismassage.ch\\\/#\\\/schema\\\/person\\\/c02ee1a7c3f4876ad33eb11b401f6941\",\"name\":\"admin\",\"image\":{\"@type\":\"ImageObject\",\"inLanguage\":\"fr-FR\",\"@id\":\"http:\\\/\\\/chrismassage.ch\\\/wp-content\\\/uploads\\\/2019\\\/01\\\/48902290_278212269511277_7092823204384735232_n-1.jpg\",\"url\":\"http:\\\/\\\/chrismassage.ch\\\/wp-content\\\/uploads\\\/2019\\\/01\\\/48902290_278212269511277_7092823204384735232_n-1.jpg\",\"contentUrl\":\"http:\\\/\\\/chrismassage.ch\\\/wp-content\\\/uploads\\\/2019\\\/01\\\/48902290_278212269511277_7092823204384735232_n-1.jpg\",\"width\":781,\"height\":960,\"caption\":\"admin\"},\"logo\":{\"@id\":\"http:\\\/\\\/chrismassage.ch\\\/wp-content\\\/uploads\\\/2019\\\/01\\\/48902290_278212269511277_7092823204384735232_n-1.jpg\"}}]}<\/script>\n<!-- \/ Yoast SEO plugin. -->","yoast_head_json":{"title":"Massage du visage - Chris Massage","robots":{"index":"index","follow":"follow","max-snippet":"max-snippet:-1","max-image-preview":"max-image-preview:large","max-video-preview":"max-video-preview:-1"},"canonical":"http:\/\/chrismassage.ch\/index.php\/massage-du-visage\/","og_locale":"fr_FR","og_type":"article","og_title":"Massage du visage - Chris Massage","og_description":"Le massage du visage est anti-stress et un anti-\u00e2ge performant Je vous propose un massage du visage complet, ce qui permet de vous d\u00e9tendre et d&rsquo;oublier pour un instant les soucis du quotidien Le massage du visage inclut aussi le massage des \u00e9paules, de la nuque, du cou, du cuir chevelu Massage relaxant du visage &hellip; Lire la suite","og_url":"http:\/\/chrismassage.ch\/index.php\/massage-du-visage\/","og_site_name":"Chris Massage","article_modified_time":"2024-04-02T16:48:27+00:00","og_image":[{"url":"http:\/\/chrismassage.ch\/wp-content\/uploads\/2019\/01\/massage-1929064_1280-1024x682.jpg","type":"","width":"","height":""}],"twitter_card":"summary_large_image","twitter_misc":{"Dur\u00e9e de lecture estim\u00e9e":"1 minute"},"schema":{"@context":"https:\/\/schema.org","@graph":[{"@type":"WebPage","@id":"http:\/\/chrismassage.ch\/index.php\/massage-du-visage\/","url":"http:\/\/chrismassage.ch\/index.php\/massage-du-visage\/","name":"Massage du visage - Chris Massage","isPartOf":{"@id":"https:\/\/chrismassage.ch\/#website"},"primaryImageOfPage":{"@id":"http:\/\/chrismassage.ch\/index.php\/massage-du-visage\/#primaryimage"},"image":{"@id":"http:\/\/chrismassage.ch\/index.php\/massage-du-visage\/#primaryimage"},"thumbnailUrl":"http:\/\/chrismassage.ch\/wp-content\/uploads\/2019\/01\/massage-1929064_1280-1024x682.jpg","datePublished":"2019-01-11T10:00:04+00:00","dateModified":"2024-04-02T16:48:27+00:00","breadcrumb":{"@id":"http:\/\/chrismassage.ch\/index.php\/massage-du-visage\/#breadcrumb"},"inLanguage":"fr-FR","potentialAction":[{"@type":"ReadAction","target":["http:\/\/chrismassage.ch\/index.php\/massage-du-visage\/"]}]},{"@type":"ImageObject","inLanguage":"fr-FR","@id":"http:\/\/chrismassage.ch\/index.php\/massage-du-visage\/#primaryimage","url":"https:\/\/chrismassage.ch\/wp-content\/uploads\/2019\/01\/massage-1929064_1280.jpg","contentUrl":"https:\/\/chrismassage.ch\/wp-content\/uploads\/2019\/01\/massage-1929064_1280.jpg","width":1280,"height":853},{"@type":"BreadcrumbList","@id":"http:\/\/chrismassage.ch\/index.php\/massage-du-visage\/#breadcrumb","itemListElement":[{"@type":"ListItem","position":1,"name":"Home","item":"https:\/\/chrismassage.ch\/"},{"@type":"ListItem","position":2,"name":"Massage du visage"}]},{"@type":"WebSite","@id":"https:\/\/chrismassage.ch\/#website","url":"https:\/\/chrismassage.ch\/","name":"Chris Massage","description":"Il est temps de prendre soin de vous","publisher":{"@id":"https:\/\/chrismassage.ch\/#\/schema\/person\/c02ee1a7c3f4876ad33eb11b401f6941"},"potentialAction":[{"@type":"SearchAction","target":{"@type":"EntryPoint","urlTemplate":"https:\/\/chrismassage.ch\/?s={search_term_string}"},"query-input":{"@type":"PropertyValueSpecification","valueRequired":true,"valueName":"search_term_string"}}],"inLanguage":"fr-FR"},{"@type":["Person","Organization"],"@id":"https:\/\/chrismassage.ch\/#\/schema\/person\/c02ee1a7c3f4876ad33eb11b401f6941","name":"admin","image":{"@type":"ImageObject","inLanguage":"fr-FR","@id":"http:\/\/chrismassage.ch\/wp-content\/uploads\/2019\/01\/48902290_278212269511277_7092823204384735232_n-1.jpg","url":"http:\/\/chrismassage.ch\/wp-content\/uploads\/2019\/01\/48902290_278212269511277_7092823204384735232_n-1.jpg","contentUrl":"http:\/\/chrismassage.ch\/wp-content\/uploads\/2019\/01\/48902290_278212269511277_7092823204384735232_n-1.jpg","width":781,"height":960,"caption":"admin"},"logo":{"@id":"http:\/\/chrismassage.ch\/wp-content\/uploads\/2019\/01\/48902290_278212269511277_7092823204384735232_n-1.jpg"}}]}},"_links":{"self":[{"href":"https:\/\/chrismassage.ch\/index.php\/wp-json\/wp\/v2\/pages\/18","targetHints":{"allow":["GET"]}}],"collection":[{"href":"https:\/\/chrismassage.ch\/index.php\/wp-json\/wp\/v2\/pages"}],"about":[{"href":"https:\/\/chrismassage.ch\/index.php\/wp-json\/wp\/v2\/types\/page"}],"author":[{"embeddable":true,"href":"https:\/\/chrismassage.ch\/index.php\/wp-json\/wp\/v2\/users\/1"}],"replies":[{"embeddable":true,"href":"https:\/\/chrismassage.ch\/index.php\/wp-json\/wp\/v2\/comments?post=18"}],"version-history":[{"count":16,"href":"https:\/\/chrismassage.ch\/index.php\/wp-json\/wp\/v2\/pages\/18\/revisions"}],"predecessor-version":[{"id":677,"href":"https:\/\/chrismassage.ch\/index.php\/wp-json\/wp\/v2\/pages\/18\/revisions\/677"}],"wp:attachment":[{"href":"https:\/\/chrismassage.ch\/index.php\/wp-json\/wp\/v2\/media?parent=18"}],"curies":[{"name":"wp","href":"https:\/\/api.w.org\/{rel}","templated":true}]}}