{"id":784,"date":"2025-04-20T17:21:51","date_gmt":"2025-04-20T17:21:51","guid":{"rendered":"https:\/\/chrismassage.ch\/?page_id=784"},"modified":"2025-07-05T19:01:09","modified_gmt":"2025-07-05T19:01:09","slug":"institut-de-conthey","status":"publish","type":"page","link":"http:\/\/chrismassage.ch\/index.php\/institut-de-conthey\/","title":{"rendered":"Institut de Conthey"},"content":{"rendered":"\n<p>Sar\u00e0 Bellezza et Chris Massage se sont associ\u00e9s depuis cette ann\u00e9e (mars 2025) pour cr\u00e9er l&rsquo;Espace Bella Vita.<\/p>\n\n\n\n<p>L&rsquo;id\u00e9e est de proposer des soins vari\u00e9s<\/p>\n\n\n\n<div class=\"wp-block-columns is-layout-flex wp-container-core-columns-is-layout-9d6595d7 wp-block-columns-is-layout-flex\">\n<div class=\"wp-block-column is-layout-flow wp-block-column-is-layout-flow\" style=\"flex-basis:100%\">\n<figure class=\"wp-block-table\"><table class=\"has-fixed-layout\"><tbody><tr><td><img decoding=\"async\" src=\"https:\/\/chrismassage.ch\/wp-content\/uploads\/2025\/04\/IMG-20250419-WA0011-1024x768.jpg\" alt=\"\"><\/td><td><strong>Chris<\/strong><br><br>Massages th\u00e9rapeutiques et relaxants<br>Massage enfants et ados<br>Massage \u00e0 la bougie et aux huiles chaudes<br>Massage aux pierres chaudes<br>Massage Balinais<br>Massage Lomi-Lomi<br>Massage Tha\u00ef aux huiles (Sur table)<br>Pose ventouses Chinoises<br>Massage duo<br>Ateliers massages<br><\/td><\/tr><tr><td><img decoding=\"async\" src=\"http:\/\/chrismassage.ch\/wp-content\/uploads\/2025\/04\/IMG-20250419-WA0012-696x1024.jpg\" alt=\"\"><\/td><td><strong>Sarah<\/strong><br><br>Massages th\u00e9rapeutiques et relaxants<br>Massage sportif<br>Massage \u00e0 la bougie et aux huiles chaudes<br>Massage aux pierres chaudes<br>Massage duo<br>Massoth\u00e9rapie Oncologie<br>Ateliers massages<br><br>\u00c9pilations et divers soins esth\u00e9tiques<\/td><\/tr><\/tbody><\/table><\/figure>\n<\/div>\n<\/div>\n\n\n\n<h2 class=\"wp-block-heading\">Contact<\/h2>\n\n\n\n<p>Espace Bella Vita<br>Route d&rsquo;Antz\u00e8re 25<br>1964 Conthey<br><a href=\"https:\/\/espacebellavita.ch\/\">espacebellavita.ch<\/a><\/p>\n\n\n\n<p>Nous suivre sur <a href=\"https:\/\/www.facebook.com\/profile.php?id=61573960499962\">facebook<\/a><\/p>\n\n\n\n<p>Nous suivre sur <a href=\"https:\/\/www.instagram.com\/espace_bella_vita\/\">instagram<\/a><\/p>\n\n\n<div class=\"wp-block-image is-style-rounded\">\n<figure class=\"aligncenter size-large is-resized\"><img loading=\"lazy\" decoding=\"async\" width=\"1024\" height=\"775\" src=\"https:\/\/chrismassage.ch\/wp-content\/uploads\/2025\/05\/Institut-1024x775.jpg\" alt=\"\" class=\"wp-image-826\" style=\"width:541px;height:auto\" srcset=\"http:\/\/chrismassage.ch\/wp-content\/uploads\/2025\/05\/Institut-1024x775.jpg 1024w, http:\/\/chrismassage.ch\/wp-content\/uploads\/2025\/05\/Institut-300x227.jpg 300w, http:\/\/chrismassage.ch\/wp-content\/uploads\/2025\/05\/Institut-768x581.jpg 768w, http:\/\/chrismassage.ch\/wp-content\/uploads\/2025\/05\/Institut-1536x1162.jpg 1536w, http:\/\/chrismassage.ch\/wp-content\/uploads\/2025\/05\/Institut-2048x1550.jpg 2048w, http:\/\/chrismassage.ch\/wp-content\/uploads\/2025\/05\/Institut-750x568.jpg 750w\" sizes=\"auto, (max-width: 1024px) 100vw, 1024px\" \/><\/figure>\n<\/div>","protected":false},"excerpt":{"rendered":"<p>Sar\u00e0 Bellezza et Chris Massage se sont associ\u00e9s depuis cette ann\u00e9e (mars 2025) pour cr\u00e9er l&rsquo;Espace Bella Vita. L&rsquo;id\u00e9e est de proposer des soins vari\u00e9s Chris Massages th\u00e9rapeutiques et relaxantsMassage enfants et adosMassage \u00e0 la bougie et aux huiles chaudesMassage aux pierres chaudesMassage BalinaisMassage Lomi-LomiMassage Tha\u00ef aux huiles (Sur table)Pose ventouses ChinoisesMassage duoAteliers massages Sarah &hellip; <\/p>\n<p><a class=\"more-link btn\" href=\"http:\/\/chrismassage.ch\/index.php\/institut-de-conthey\/\">Lire la suite<\/a><\/p>\n","protected":false},"author":1,"featured_media":0,"parent":0,"menu_order":0,"comment_status":"closed","ping_status":"closed","template":"","meta":{"footnotes":""},"class_list":["post-784","page","type-page","status-publish","hentry","nodate","item-wrap"],"yoast_head":"<!-- This site is optimized with the Yoast SEO plugin v27.5 - https:\/\/yoast.com\/product\/yoast-seo-wordpress\/ -->\n<title>Institut de Conthey - Chris Massage<\/title>\n<meta name=\"robots\" content=\"index, follow, max-snippet:-1, max-image-preview:large, max-video-preview:-1\" \/>\n<link rel=\"canonical\" href=\"https:\/\/chrismassage.ch\/index.php\/institut-de-conthey\/\" \/>\n<meta property=\"og:locale\" content=\"fr_FR\" \/>\n<meta property=\"og:type\" content=\"article\" \/>\n<meta property=\"og:title\" content=\"Institut de Conthey - Chris Massage\" \/>\n<meta property=\"og:description\" content=\"Sar\u00e0 Bellezza et Chris Massage se sont associ\u00e9s depuis cette ann\u00e9e (mars 2025) pour cr\u00e9er l&rsquo;Espace Bella Vita. L&rsquo;id\u00e9e est de proposer des soins vari\u00e9s Chris Massages th\u00e9rapeutiques et relaxantsMassage enfants et adosMassage \u00e0 la bougie et aux huiles chaudesMassage aux pierres chaudesMassage BalinaisMassage Lomi-LomiMassage Tha\u00ef aux huiles (Sur table)Pose ventouses ChinoisesMassage duoAteliers massages Sarah &hellip; Lire la suite\" \/>\n<meta property=\"og:url\" content=\"https:\/\/chrismassage.ch\/index.php\/institut-de-conthey\/\" \/>\n<meta property=\"og:site_name\" content=\"Chris Massage\" \/>\n<meta property=\"article:modified_time\" content=\"2025-07-05T19:01:09+00:00\" \/>\n<meta property=\"og:image\" content=\"https:\/\/chrismassage.ch\/wp-content\/uploads\/2025\/04\/IMG-20250419-WA0011-1024x768.jpg\" \/>\n<meta name=\"twitter:card\" content=\"summary_large_image\" \/>\n<meta name=\"twitter:label1\" content=\"Dur\u00e9e de lecture estim\u00e9e\" \/>\n\t<meta name=\"twitter:data1\" content=\"2 minutes\" \/>\n<script type=\"application\/ld+json\" class=\"yoast-schema-graph\">{\"@context\":\"https:\\\/\\\/schema.org\",\"@graph\":[{\"@type\":\"WebPage\",\"@id\":\"https:\\\/\\\/chrismassage.ch\\\/index.php\\\/institut-de-conthey\\\/\",\"url\":\"https:\\\/\\\/chrismassage.ch\\\/index.php\\\/institut-de-conthey\\\/\",\"name\":\"Institut de Conthey - Chris Massage\",\"isPartOf\":{\"@id\":\"https:\\\/\\\/chrismassage.ch\\\/#website\"},\"primaryImageOfPage\":{\"@id\":\"https:\\\/\\\/chrismassage.ch\\\/index.php\\\/institut-de-conthey\\\/#primaryimage\"},\"image\":{\"@id\":\"https:\\\/\\\/chrismassage.ch\\\/index.php\\\/institut-de-conthey\\\/#primaryimage\"},\"thumbnailUrl\":\"https:\\\/\\\/chrismassage.ch\\\/wp-content\\\/uploads\\\/2025\\\/04\\\/IMG-20250419-WA0011-1024x768.jpg\",\"datePublished\":\"2025-04-20T17:21:51+00:00\",\"dateModified\":\"2025-07-05T19:01:09+00:00\",\"breadcrumb\":{\"@id\":\"https:\\\/\\\/chrismassage.ch\\\/index.php\\\/institut-de-conthey\\\/#breadcrumb\"},\"inLanguage\":\"fr-FR\",\"potentialAction\":[{\"@type\":\"ReadAction\",\"target\":[\"https:\\\/\\\/chrismassage.ch\\\/index.php\\\/institut-de-conthey\\\/\"]}]},{\"@type\":\"ImageObject\",\"inLanguage\":\"fr-FR\",\"@id\":\"https:\\\/\\\/chrismassage.ch\\\/index.php\\\/institut-de-conthey\\\/#primaryimage\",\"url\":\"https:\\\/\\\/chrismassage.ch\\\/wp-content\\\/uploads\\\/2025\\\/04\\\/IMG-20250419-WA0011-1024x768.jpg\",\"contentUrl\":\"https:\\\/\\\/chrismassage.ch\\\/wp-content\\\/uploads\\\/2025\\\/04\\\/IMG-20250419-WA0011-1024x768.jpg\"},{\"@type\":\"BreadcrumbList\",\"@id\":\"https:\\\/\\\/chrismassage.ch\\\/index.php\\\/institut-de-conthey\\\/#breadcrumb\",\"itemListElement\":[{\"@type\":\"ListItem\",\"position\":1,\"name\":\"Home\",\"item\":\"https:\\\/\\\/chrismassage.ch\\\/\"},{\"@type\":\"ListItem\",\"position\":2,\"name\":\"Institut de Conthey\"}]},{\"@type\":\"WebSite\",\"@id\":\"https:\\\/\\\/chrismassage.ch\\\/#website\",\"url\":\"https:\\\/\\\/chrismassage.ch\\\/\",\"name\":\"Chris Massage\",\"description\":\"Il est temps de prendre soin de vous\",\"publisher\":{\"@id\":\"https:\\\/\\\/chrismassage.ch\\\/#\\\/schema\\\/person\\\/c02ee1a7c3f4876ad33eb11b401f6941\"},\"potentialAction\":[{\"@type\":\"SearchAction\",\"target\":{\"@type\":\"EntryPoint\",\"urlTemplate\":\"https:\\\/\\\/chrismassage.ch\\\/?s={search_term_string}\"},\"query-input\":{\"@type\":\"PropertyValueSpecification\",\"valueRequired\":true,\"valueName\":\"search_term_string\"}}],\"inLanguage\":\"fr-FR\"},{\"@type\":[\"Person\",\"Organization\"],\"@id\":\"https:\\\/\\\/chrismassage.ch\\\/#\\\/schema\\\/person\\\/c02ee1a7c3f4876ad33eb11b401f6941\",\"name\":\"admin\",\"image\":{\"@type\":\"ImageObject\",\"inLanguage\":\"fr-FR\",\"@id\":\"http:\\\/\\\/chrismassage.ch\\\/wp-content\\\/uploads\\\/2019\\\/01\\\/48902290_278212269511277_7092823204384735232_n-1.jpg\",\"url\":\"http:\\\/\\\/chrismassage.ch\\\/wp-content\\\/uploads\\\/2019\\\/01\\\/48902290_278212269511277_7092823204384735232_n-1.jpg\",\"contentUrl\":\"http:\\\/\\\/chrismassage.ch\\\/wp-content\\\/uploads\\\/2019\\\/01\\\/48902290_278212269511277_7092823204384735232_n-1.jpg\",\"width\":781,\"height\":960,\"caption\":\"admin\"},\"logo\":{\"@id\":\"http:\\\/\\\/chrismassage.ch\\\/wp-content\\\/uploads\\\/2019\\\/01\\\/48902290_278212269511277_7092823204384735232_n-1.jpg\"}}]}<\/script>\n<!-- \/ Yoast SEO plugin. -->","yoast_head_json":{"title":"Institut de Conthey - Chris Massage","robots":{"index":"index","follow":"follow","max-snippet":"max-snippet:-1","max-image-preview":"max-image-preview:large","max-video-preview":"max-video-preview:-1"},"canonical":"https:\/\/chrismassage.ch\/index.php\/institut-de-conthey\/","og_locale":"fr_FR","og_type":"article","og_title":"Institut de Conthey - Chris Massage","og_description":"Sar\u00e0 Bellezza et Chris Massage se sont associ\u00e9s depuis cette ann\u00e9e (mars 2025) pour cr\u00e9er l&rsquo;Espace Bella Vita. L&rsquo;id\u00e9e est de proposer des soins vari\u00e9s Chris Massages th\u00e9rapeutiques et relaxantsMassage enfants et adosMassage \u00e0 la bougie et aux huiles chaudesMassage aux pierres chaudesMassage BalinaisMassage Lomi-LomiMassage Tha\u00ef aux huiles (Sur table)Pose ventouses ChinoisesMassage duoAteliers massages Sarah &hellip; Lire la suite","og_url":"https:\/\/chrismassage.ch\/index.php\/institut-de-conthey\/","og_site_name":"Chris Massage","article_modified_time":"2025-07-05T19:01:09+00:00","og_image":[{"url":"https:\/\/chrismassage.ch\/wp-content\/uploads\/2025\/04\/IMG-20250419-WA0011-1024x768.jpg","type":"","width":"","height":""}],"twitter_card":"summary_large_image","twitter_misc":{"Dur\u00e9e de lecture estim\u00e9e":"2 minutes"},"schema":{"@context":"https:\/\/schema.org","@graph":[{"@type":"WebPage","@id":"https:\/\/chrismassage.ch\/index.php\/institut-de-conthey\/","url":"https:\/\/chrismassage.ch\/index.php\/institut-de-conthey\/","name":"Institut de Conthey - Chris Massage","isPartOf":{"@id":"https:\/\/chrismassage.ch\/#website"},"primaryImageOfPage":{"@id":"https:\/\/chrismassage.ch\/index.php\/institut-de-conthey\/#primaryimage"},"image":{"@id":"https:\/\/chrismassage.ch\/index.php\/institut-de-conthey\/#primaryimage"},"thumbnailUrl":"https:\/\/chrismassage.ch\/wp-content\/uploads\/2025\/04\/IMG-20250419-WA0011-1024x768.jpg","datePublished":"2025-04-20T17:21:51+00:00","dateModified":"2025-07-05T19:01:09+00:00","breadcrumb":{"@id":"https:\/\/chrismassage.ch\/index.php\/institut-de-conthey\/#breadcrumb"},"inLanguage":"fr-FR","potentialAction":[{"@type":"ReadAction","target":["https:\/\/chrismassage.ch\/index.php\/institut-de-conthey\/"]}]},{"@type":"ImageObject","inLanguage":"fr-FR","@id":"https:\/\/chrismassage.ch\/index.php\/institut-de-conthey\/#primaryimage","url":"https:\/\/chrismassage.ch\/wp-content\/uploads\/2025\/04\/IMG-20250419-WA0011-1024x768.jpg","contentUrl":"https:\/\/chrismassage.ch\/wp-content\/uploads\/2025\/04\/IMG-20250419-WA0011-1024x768.jpg"},{"@type":"BreadcrumbList","@id":"https:\/\/chrismassage.ch\/index.php\/institut-de-conthey\/#breadcrumb","itemListElement":[{"@type":"ListItem","position":1,"name":"Home","item":"https:\/\/chrismassage.ch\/"},{"@type":"ListItem","position":2,"name":"Institut de Conthey"}]},{"@type":"WebSite","@id":"https:\/\/chrismassage.ch\/#website","url":"https:\/\/chrismassage.ch\/","name":"Chris Massage","description":"Il est temps de prendre soin de vous","publisher":{"@id":"https:\/\/chrismassage.ch\/#\/schema\/person\/c02ee1a7c3f4876ad33eb11b401f6941"},"potentialAction":[{"@type":"SearchAction","target":{"@type":"EntryPoint","urlTemplate":"https:\/\/chrismassage.ch\/?s={search_term_string}"},"query-input":{"@type":"PropertyValueSpecification","valueRequired":true,"valueName":"search_term_string"}}],"inLanguage":"fr-FR"},{"@type":["Person","Organization"],"@id":"https:\/\/chrismassage.ch\/#\/schema\/person\/c02ee1a7c3f4876ad33eb11b401f6941","name":"admin","image":{"@type":"ImageObject","inLanguage":"fr-FR","@id":"http:\/\/chrismassage.ch\/wp-content\/uploads\/2019\/01\/48902290_278212269511277_7092823204384735232_n-1.jpg","url":"http:\/\/chrismassage.ch\/wp-content\/uploads\/2019\/01\/48902290_278212269511277_7092823204384735232_n-1.jpg","contentUrl":"http:\/\/chrismassage.ch\/wp-content\/uploads\/2019\/01\/48902290_278212269511277_7092823204384735232_n-1.jpg","width":781,"height":960,"caption":"admin"},"logo":{"@id":"http:\/\/chrismassage.ch\/wp-content\/uploads\/2019\/01\/48902290_278212269511277_7092823204384735232_n-1.jpg"}}]}},"_links":{"self":[{"href":"http:\/\/chrismassage.ch\/index.php\/wp-json\/wp\/v2\/pages\/784","targetHints":{"allow":["GET"]}}],"collection":[{"href":"http:\/\/chrismassage.ch\/index.php\/wp-json\/wp\/v2\/pages"}],"about":[{"href":"http:\/\/chrismassage.ch\/index.php\/wp-json\/wp\/v2\/types\/page"}],"author":[{"embeddable":true,"href":"http:\/\/chrismassage.ch\/index.php\/wp-json\/wp\/v2\/users\/1"}],"replies":[{"embeddable":true,"href":"http:\/\/chrismassage.ch\/index.php\/wp-json\/wp\/v2\/comments?post=784"}],"version-history":[{"count":18,"href":"http:\/\/chrismassage.ch\/index.php\/wp-json\/wp\/v2\/pages\/784\/revisions"}],"predecessor-version":[{"id":840,"href":"http:\/\/chrismassage.ch\/index.php\/wp-json\/wp\/v2\/pages\/784\/revisions\/840"}],"wp:attachment":[{"href":"http:\/\/chrismassage.ch\/index.php\/wp-json\/wp\/v2\/media?parent=784"}],"curies":[{"name":"wp","href":"https:\/\/api.w.org\/{rel}","templated":true}]}}