{"id":51,"date":"2019-01-11T20:56:58","date_gmt":"2019-01-11T20:56:58","guid":{"rendered":"http:\/\/chrismassage.ch\/?page_id=51"},"modified":"2024-04-02T17:00:17","modified_gmt":"2024-04-02T17:00:17","slug":"le-massage-pour-enfants","status":"publish","type":"page","link":"http:\/\/chrismassage.ch\/index.php\/le-massage-pour-enfants\/","title":{"rendered":"Le massage pour enfants"},"content":{"rendered":"\n<p>Voici quelques bienfaits du massage sur les enfants<\/p>\n\n\n\n<p> Augmentation de la capacit\u00e9 de la concentration <br> Relaxation<br> Am\u00e9lioration du sommeil (id\u00e9al pour la routine du dodo)<br> Diminution de l\u2019irritabilit\u00e9 et de l\u2019hyperactivit\u00e9<br> D\u00e9veloppe sa conscience corporelle <br> Renforce sa perception des limites de son corps.<\/p>\n\n\n\n<p>Le massage est b\u00e9n\u00e9fique, pour les jeunes atteints de troubles  d\u2019apprentissage ou d\u2019un d\u00e9ficit de l\u2019attention, des \u00e9tudes font \u00e9tat  d\u2019une baisse de l\u2019hyperactivit\u00e9, d\u2019une am\u00e9lioration de l\u2019humeur et du  comportement en classe, ce qui favoriserait l\u2019apprentissage.<\/p>\n\n\n\n<div class=\"wp-block-group\"><div class=\"wp-block-group__inner-container is-layout-flow wp-block-group-is-layout-flow\"><\/div><\/div>\n\n\n<div class=\"wp-block-image is-style-rounded\">\n<figure class=\"aligncenter is-resized\"><img loading=\"lazy\" decoding=\"async\" width=\"768\" height=\"960\" src=\"http:\/\/chrismassage.ch\/wp-content\/uploads\/2019\/01\/49342380_283099965689174_5434509487853535232_n.jpg\" alt=\"\" class=\"wp-image-90\" style=\"width:234px;height:293px\" srcset=\"http:\/\/chrismassage.ch\/wp-content\/uploads\/2019\/01\/49342380_283099965689174_5434509487853535232_n.jpg 768w, http:\/\/chrismassage.ch\/wp-content\/uploads\/2019\/01\/49342380_283099965689174_5434509487853535232_n-240x300.jpg 240w\" sizes=\"auto, (max-width: 768px) 100vw, 768px\" \/><\/figure>\n<\/div>\n\n\n<p><\/p>\n\n\n\n<p>Le massage calme l\u2019enfant et lui procure un bien-\u00eatre qui rend son quotidien plus agr\u00e9able.<\/p>\n\n\n\n<p> Le massage est b\u00e9n\u00e9fique \u00e0 tous les \u00e2ges de l&rsquo;enfance.<\/p>\n\n\n\n<p>La pr\u00e9sence d\u2019un parent est obligatoire pour les jeunes enfants.<br>Si le jeune adolescent est plus \u00e0 l\u2019aise sans la pr\u00e9sence d\u2019un parent,  celui-ci peut patienter, porte ouverte, dans la salle d\u2019attente.<\/p>\n\n\n\n<p>25 min.    20 frs<br>35 min.   30 frs<br>45 min.   40 frs<\/p>\n\n\n\n<p>Age max. 16 ans<\/p>\n\n\n<div class=\"wp-block-image is-style-rounded\">\n<figure class=\"alignleft size-large is-resized\"><img loading=\"lazy\" decoding=\"async\" width=\"800\" height=\"533\" src=\"http:\/\/chrismassage.ch\/wp-content\/uploads\/2020\/12\/canstockphoto86919701.jpg\" alt=\"\" class=\"wp-image-409\" style=\"width:307px;height:204px\" srcset=\"http:\/\/chrismassage.ch\/wp-content\/uploads\/2020\/12\/canstockphoto86919701.jpg 800w, http:\/\/chrismassage.ch\/wp-content\/uploads\/2020\/12\/canstockphoto86919701-300x200.jpg 300w, http:\/\/chrismassage.ch\/wp-content\/uploads\/2020\/12\/canstockphoto86919701-768x512.jpg 768w, http:\/\/chrismassage.ch\/wp-content\/uploads\/2020\/12\/canstockphoto86919701-750x500.jpg 750w\" sizes=\"auto, (max-width: 800px) 100vw, 800px\" \/><\/figure>\n<\/div>\n\n<div class=\"wp-block-image is-style-rounded\">\n<figure class=\"alignright size-large is-resized\"><img loading=\"lazy\" decoding=\"async\" width=\"800\" height=\"533\" src=\"http:\/\/chrismassage.ch\/wp-content\/uploads\/2020\/12\/canstockphoto11044144-2.jpg\" alt=\"\" class=\"wp-image-413\" style=\"width:330px;height:219px\" srcset=\"http:\/\/chrismassage.ch\/wp-content\/uploads\/2020\/12\/canstockphoto11044144-2.jpg 800w, http:\/\/chrismassage.ch\/wp-content\/uploads\/2020\/12\/canstockphoto11044144-2-300x200.jpg 300w, http:\/\/chrismassage.ch\/wp-content\/uploads\/2020\/12\/canstockphoto11044144-2-768x512.jpg 768w, http:\/\/chrismassage.ch\/wp-content\/uploads\/2020\/12\/canstockphoto11044144-2-750x500.jpg 750w\" sizes=\"auto, (max-width: 800px) 100vw, 800px\" \/><\/figure>\n<\/div>","protected":false},"excerpt":{"rendered":"<p>Voici quelques bienfaits du massage sur les enfants Augmentation de la capacit\u00e9 de la concentration Relaxation Am\u00e9lioration du sommeil (id\u00e9al pour la routine du dodo) Diminution de l\u2019irritabilit\u00e9 et de l\u2019hyperactivit\u00e9 D\u00e9veloppe sa conscience corporelle Renforce sa perception des limites de son corps. Le massage est b\u00e9n\u00e9fique, pour les jeunes atteints de troubles d\u2019apprentissage ou &hellip; <\/p>\n<p><a class=\"more-link btn\" href=\"http:\/\/chrismassage.ch\/index.php\/le-massage-pour-enfants\/\">Lire la suite<\/a><\/p>\n","protected":false},"author":1,"featured_media":0,"parent":0,"menu_order":0,"comment_status":"closed","ping_status":"closed","template":"","meta":{"footnotes":""},"class_list":["post-51","page","type-page","status-publish","hentry","nodate","item-wrap"],"yoast_head":"<!-- This site is optimized with the Yoast SEO plugin v27.6 - https:\/\/yoast.com\/product\/yoast-seo-wordpress\/ -->\n<title>Le massage pour enfants - Chris Massage<\/title>\n<meta name=\"robots\" content=\"index, follow, max-snippet:-1, max-image-preview:large, max-video-preview:-1\" \/>\n<link rel=\"canonical\" href=\"https:\/\/chrismassage.ch\/index.php\/le-massage-pour-enfants\/\" \/>\n<meta property=\"og:locale\" content=\"fr_FR\" \/>\n<meta property=\"og:type\" content=\"article\" \/>\n<meta property=\"og:title\" content=\"Le massage pour enfants - Chris Massage\" \/>\n<meta property=\"og:description\" content=\"Voici quelques bienfaits du massage sur les enfants Augmentation de la capacit\u00e9 de la concentration Relaxation Am\u00e9lioration du sommeil (id\u00e9al pour la routine du dodo) Diminution de l\u2019irritabilit\u00e9 et de l\u2019hyperactivit\u00e9 D\u00e9veloppe sa conscience corporelle Renforce sa perception des limites de son corps. Le massage est b\u00e9n\u00e9fique, pour les jeunes atteints de troubles d\u2019apprentissage ou &hellip; Lire la suite\" \/>\n<meta property=\"og:url\" content=\"https:\/\/chrismassage.ch\/index.php\/le-massage-pour-enfants\/\" \/>\n<meta property=\"og:site_name\" content=\"Chris Massage\" \/>\n<meta property=\"article:modified_time\" content=\"2024-04-02T17:00:17+00:00\" \/>\n<meta property=\"og:image\" content=\"http:\/\/chrismassage.ch\/wp-content\/uploads\/2019\/01\/49342380_283099965689174_5434509487853535232_n.jpg\" \/>\n<meta name=\"twitter:card\" content=\"summary_large_image\" \/>\n<meta name=\"twitter:label1\" content=\"Dur\u00e9e de lecture estim\u00e9e\" \/>\n\t<meta name=\"twitter:data1\" content=\"2 minutes\" \/>\n<script type=\"application\/ld+json\" class=\"yoast-schema-graph\">{\"@context\":\"https:\\\/\\\/schema.org\",\"@graph\":[{\"@type\":\"WebPage\",\"@id\":\"https:\\\/\\\/chrismassage.ch\\\/index.php\\\/le-massage-pour-enfants\\\/\",\"url\":\"https:\\\/\\\/chrismassage.ch\\\/index.php\\\/le-massage-pour-enfants\\\/\",\"name\":\"Le massage pour enfants - Chris Massage\",\"isPartOf\":{\"@id\":\"http:\\\/\\\/chrismassage.ch\\\/#website\"},\"primaryImageOfPage\":{\"@id\":\"https:\\\/\\\/chrismassage.ch\\\/index.php\\\/le-massage-pour-enfants\\\/#primaryimage\"},\"image\":{\"@id\":\"https:\\\/\\\/chrismassage.ch\\\/index.php\\\/le-massage-pour-enfants\\\/#primaryimage\"},\"thumbnailUrl\":\"http:\\\/\\\/chrismassage.ch\\\/wp-content\\\/uploads\\\/2019\\\/01\\\/49342380_283099965689174_5434509487853535232_n.jpg\",\"datePublished\":\"2019-01-11T20:56:58+00:00\",\"dateModified\":\"2024-04-02T17:00:17+00:00\",\"breadcrumb\":{\"@id\":\"https:\\\/\\\/chrismassage.ch\\\/index.php\\\/le-massage-pour-enfants\\\/#breadcrumb\"},\"inLanguage\":\"fr-FR\",\"potentialAction\":[{\"@type\":\"ReadAction\",\"target\":[\"https:\\\/\\\/chrismassage.ch\\\/index.php\\\/le-massage-pour-enfants\\\/\"]}]},{\"@type\":\"ImageObject\",\"inLanguage\":\"fr-FR\",\"@id\":\"https:\\\/\\\/chrismassage.ch\\\/index.php\\\/le-massage-pour-enfants\\\/#primaryimage\",\"url\":\"http:\\\/\\\/chrismassage.ch\\\/wp-content\\\/uploads\\\/2019\\\/01\\\/49342380_283099965689174_5434509487853535232_n.jpg\",\"contentUrl\":\"http:\\\/\\\/chrismassage.ch\\\/wp-content\\\/uploads\\\/2019\\\/01\\\/49342380_283099965689174_5434509487853535232_n.jpg\",\"width\":768,\"height\":960},{\"@type\":\"BreadcrumbList\",\"@id\":\"https:\\\/\\\/chrismassage.ch\\\/index.php\\\/le-massage-pour-enfants\\\/#breadcrumb\",\"itemListElement\":[{\"@type\":\"ListItem\",\"position\":1,\"name\":\"Home\",\"item\":\"http:\\\/\\\/chrismassage.ch\\\/\"},{\"@type\":\"ListItem\",\"position\":2,\"name\":\"Le massage pour enfants\"}]},{\"@type\":\"WebSite\",\"@id\":\"http:\\\/\\\/chrismassage.ch\\\/#website\",\"url\":\"http:\\\/\\\/chrismassage.ch\\\/\",\"name\":\"Chris Massage\",\"description\":\"Il est temps de prendre soin de vous\",\"publisher\":{\"@id\":\"http:\\\/\\\/chrismassage.ch\\\/#\\\/schema\\\/person\\\/c02ee1a7c3f4876ad33eb11b401f6941\"},\"potentialAction\":[{\"@type\":\"SearchAction\",\"target\":{\"@type\":\"EntryPoint\",\"urlTemplate\":\"http:\\\/\\\/chrismassage.ch\\\/?s={search_term_string}\"},\"query-input\":{\"@type\":\"PropertyValueSpecification\",\"valueRequired\":true,\"valueName\":\"search_term_string\"}}],\"inLanguage\":\"fr-FR\"},{\"@type\":[\"Person\",\"Organization\"],\"@id\":\"http:\\\/\\\/chrismassage.ch\\\/#\\\/schema\\\/person\\\/c02ee1a7c3f4876ad33eb11b401f6941\",\"name\":\"admin\",\"image\":{\"@type\":\"ImageObject\",\"inLanguage\":\"fr-FR\",\"@id\":\"http:\\\/\\\/chrismassage.ch\\\/wp-content\\\/uploads\\\/2019\\\/01\\\/48902290_278212269511277_7092823204384735232_n-1.jpg\",\"url\":\"http:\\\/\\\/chrismassage.ch\\\/wp-content\\\/uploads\\\/2019\\\/01\\\/48902290_278212269511277_7092823204384735232_n-1.jpg\",\"contentUrl\":\"http:\\\/\\\/chrismassage.ch\\\/wp-content\\\/uploads\\\/2019\\\/01\\\/48902290_278212269511277_7092823204384735232_n-1.jpg\",\"width\":781,\"height\":960,\"caption\":\"admin\"},\"logo\":{\"@id\":\"http:\\\/\\\/chrismassage.ch\\\/wp-content\\\/uploads\\\/2019\\\/01\\\/48902290_278212269511277_7092823204384735232_n-1.jpg\"}}]}<\/script>\n<!-- \/ Yoast SEO plugin. -->","yoast_head_json":{"title":"Le massage pour enfants - Chris Massage","robots":{"index":"index","follow":"follow","max-snippet":"max-snippet:-1","max-image-preview":"max-image-preview:large","max-video-preview":"max-video-preview:-1"},"canonical":"https:\/\/chrismassage.ch\/index.php\/le-massage-pour-enfants\/","og_locale":"fr_FR","og_type":"article","og_title":"Le massage pour enfants - Chris Massage","og_description":"Voici quelques bienfaits du massage sur les enfants Augmentation de la capacit\u00e9 de la concentration Relaxation Am\u00e9lioration du sommeil (id\u00e9al pour la routine du dodo) Diminution de l\u2019irritabilit\u00e9 et de l\u2019hyperactivit\u00e9 D\u00e9veloppe sa conscience corporelle Renforce sa perception des limites de son corps. Le massage est b\u00e9n\u00e9fique, pour les jeunes atteints de troubles d\u2019apprentissage ou &hellip; Lire la suite","og_url":"https:\/\/chrismassage.ch\/index.php\/le-massage-pour-enfants\/","og_site_name":"Chris Massage","article_modified_time":"2024-04-02T17:00:17+00:00","og_image":[{"url":"http:\/\/chrismassage.ch\/wp-content\/uploads\/2019\/01\/49342380_283099965689174_5434509487853535232_n.jpg","type":"","width":"","height":""}],"twitter_card":"summary_large_image","twitter_misc":{"Dur\u00e9e de lecture estim\u00e9e":"2 minutes"},"schema":{"@context":"https:\/\/schema.org","@graph":[{"@type":"WebPage","@id":"https:\/\/chrismassage.ch\/index.php\/le-massage-pour-enfants\/","url":"https:\/\/chrismassage.ch\/index.php\/le-massage-pour-enfants\/","name":"Le massage pour enfants - Chris Massage","isPartOf":{"@id":"http:\/\/chrismassage.ch\/#website"},"primaryImageOfPage":{"@id":"https:\/\/chrismassage.ch\/index.php\/le-massage-pour-enfants\/#primaryimage"},"image":{"@id":"https:\/\/chrismassage.ch\/index.php\/le-massage-pour-enfants\/#primaryimage"},"thumbnailUrl":"http:\/\/chrismassage.ch\/wp-content\/uploads\/2019\/01\/49342380_283099965689174_5434509487853535232_n.jpg","datePublished":"2019-01-11T20:56:58+00:00","dateModified":"2024-04-02T17:00:17+00:00","breadcrumb":{"@id":"https:\/\/chrismassage.ch\/index.php\/le-massage-pour-enfants\/#breadcrumb"},"inLanguage":"fr-FR","potentialAction":[{"@type":"ReadAction","target":["https:\/\/chrismassage.ch\/index.php\/le-massage-pour-enfants\/"]}]},{"@type":"ImageObject","inLanguage":"fr-FR","@id":"https:\/\/chrismassage.ch\/index.php\/le-massage-pour-enfants\/#primaryimage","url":"http:\/\/chrismassage.ch\/wp-content\/uploads\/2019\/01\/49342380_283099965689174_5434509487853535232_n.jpg","contentUrl":"http:\/\/chrismassage.ch\/wp-content\/uploads\/2019\/01\/49342380_283099965689174_5434509487853535232_n.jpg","width":768,"height":960},{"@type":"BreadcrumbList","@id":"https:\/\/chrismassage.ch\/index.php\/le-massage-pour-enfants\/#breadcrumb","itemListElement":[{"@type":"ListItem","position":1,"name":"Home","item":"http:\/\/chrismassage.ch\/"},{"@type":"ListItem","position":2,"name":"Le massage pour enfants"}]},{"@type":"WebSite","@id":"http:\/\/chrismassage.ch\/#website","url":"http:\/\/chrismassage.ch\/","name":"Chris Massage","description":"Il est temps de prendre soin de vous","publisher":{"@id":"http:\/\/chrismassage.ch\/#\/schema\/person\/c02ee1a7c3f4876ad33eb11b401f6941"},"potentialAction":[{"@type":"SearchAction","target":{"@type":"EntryPoint","urlTemplate":"http:\/\/chrismassage.ch\/?s={search_term_string}"},"query-input":{"@type":"PropertyValueSpecification","valueRequired":true,"valueName":"search_term_string"}}],"inLanguage":"fr-FR"},{"@type":["Person","Organization"],"@id":"http:\/\/chrismassage.ch\/#\/schema\/person\/c02ee1a7c3f4876ad33eb11b401f6941","name":"admin","image":{"@type":"ImageObject","inLanguage":"fr-FR","@id":"http:\/\/chrismassage.ch\/wp-content\/uploads\/2019\/01\/48902290_278212269511277_7092823204384735232_n-1.jpg","url":"http:\/\/chrismassage.ch\/wp-content\/uploads\/2019\/01\/48902290_278212269511277_7092823204384735232_n-1.jpg","contentUrl":"http:\/\/chrismassage.ch\/wp-content\/uploads\/2019\/01\/48902290_278212269511277_7092823204384735232_n-1.jpg","width":781,"height":960,"caption":"admin"},"logo":{"@id":"http:\/\/chrismassage.ch\/wp-content\/uploads\/2019\/01\/48902290_278212269511277_7092823204384735232_n-1.jpg"}}]}},"_links":{"self":[{"href":"http:\/\/chrismassage.ch\/index.php\/wp-json\/wp\/v2\/pages\/51","targetHints":{"allow":["GET"]}}],"collection":[{"href":"http:\/\/chrismassage.ch\/index.php\/wp-json\/wp\/v2\/pages"}],"about":[{"href":"http:\/\/chrismassage.ch\/index.php\/wp-json\/wp\/v2\/types\/page"}],"author":[{"embeddable":true,"href":"http:\/\/chrismassage.ch\/index.php\/wp-json\/wp\/v2\/users\/1"}],"replies":[{"embeddable":true,"href":"http:\/\/chrismassage.ch\/index.php\/wp-json\/wp\/v2\/comments?post=51"}],"version-history":[{"count":8,"href":"http:\/\/chrismassage.ch\/index.php\/wp-json\/wp\/v2\/pages\/51\/revisions"}],"predecessor-version":[{"id":684,"href":"http:\/\/chrismassage.ch\/index.php\/wp-json\/wp\/v2\/pages\/51\/revisions\/684"}],"wp:attachment":[{"href":"http:\/\/chrismassage.ch\/index.php\/wp-json\/wp\/v2\/media?parent=51"}],"curies":[{"name":"wp","href":"https:\/\/api.w.org\/{rel}","templated":true}]}}